{"id":259,"date":"2025-07-15T15:03:20","date_gmt":"2025-07-15T13:03:20","guid":{"rendered":"https:\/\/segundorey.com\/hardwood-floor\/"},"modified":"2025-08-06T10:11:46","modified_gmt":"2025-08-06T08:11:46","slug":"subvencions","status":"publish","type":"page","link":"https:\/\/segundorey.com\/en\/subvencions\/","title":{"rendered":"Collaborating entities"},"content":{"rendered":"<div data-elementor-type=\"wp-page\" data-elementor-id=\"259\" class=\"elementor elementor-259\" data-elementor-post-type=\"page\">\n\t\t\t\t\t\t<section class=\"elementor-section elementor-top-section elementor-element elementor-element-5e41f62e elementor-section-boxed elementor-section-height-default elementor-section-height-default sc_fly_static\" data-id=\"5e41f62e\" data-element_type=\"section\" data-e-type=\"section\">\n\t\t\t\t\t\t<div class=\"elementor-container elementor-column-gap-no\">\n\t\t\t\t\t<div class=\"elementor-column elementor-col-50 elementor-top-column elementor-element elementor-element-2c5c0263 sc_content_align_inherit sc_layouts_column_icons_position_left sc_fly_static\" data-id=\"2c5c0263\" data-element_type=\"column\" data-e-type=\"column\">\n\t\t\t<div class=\"elementor-widget-wrap elementor-element-populated\">\n\t\t\t\t\t\t<div data-animation-type=\"block\" class=\"elementor-element elementor-element-c123fab elementor-position-inline-end elementor-widget__width-auto elementor-mobile-position-inline-end elementor-widget-mobile__width-auto elementor-view-default animation_type_block sc_fly_static elementor-invisible elementor-widget elementor-widget-icon-box\" data-id=\"c123fab\" data-element_type=\"widget\" data-e-type=\"widget\" data-settings=\"{&quot;_animation&quot;:&quot;slideInUp&quot;,&quot;_animation_tablet&quot;:&quot;none&quot;}\" data-widget_type=\"icon-box.default\">\n\t\t\t\t\t\t\t<div class=\"elementor-icon-box-wrapper\">\n\n\t\t\t\t\t\t<div class=\"elementor-icon-box-icon\">\n\t\t\t\t<span  class=\"elementor-icon\">\n\t\t\t\t<svg xmlns=\"http:\/\/www.w3.org\/2000\/svg\" xmlns:xlink=\"http:\/\/www.w3.org\/1999\/xlink\" width=\"61\" height=\"30\"><path fill=\"#FA6400\" transform=\"matrix(1 0 0 -1 1.25977 16.2598)\" d=\"M57.011719 1.2597656C57.148438 1.2597656 57.260742 1.2011719 57.348633 1.0839844C57.436523 0.96679688 57.480469 0.8203125 57.480469 0.64453125C57.480469 0.48828125 57.446289 0.3515625 57.37793 0.234375C57.30957 0.1171875 57.216797 0.048828125 57.099609 0.029296875L57.011719 0L0.46875 0C0.33203125 0 0.21972656 0.063476555 0.13183594 0.19042969C0.043945312 0.31738281 0 0.46875 0 0.64453125C0 0.80078125 0.034179691 0.93261719 0.10253906 1.0400391C0.17089844 1.1474609 0.26367188 1.2207031 0.38085938 1.2597656L0.46875 1.2597656L57.011719 1.2597656Z\"><\/path><\/svg>\t\t\t\t<\/span>\n\t\t\t<\/div>\n\t\t\t\n\t\t\t\t\t\t<div class=\"elementor-icon-box-content\">\n\n\t\t\t\t\t\t\t\t\t<span class=\"elementor-icon-box-title\">\n\t\t\t\t\t\t<span  >\n\t\t\t\t\t\t\tSupport for the company\t\t\t\t\t\t<\/span>\n\t\t\t\t\t<\/span>\n\t\t\t\t\n\t\t\t\t\n\t\t\t<\/div>\n\t\t\t\n\t\t<\/div>\n\t\t\t\t\t\t<\/div>\n\t\t\t\t\t<\/div>\n\t\t<\/div>\n\t\t\t\t<div class=\"elementor-column elementor-col-50 elementor-top-column elementor-element elementor-element-285d4f1 sc_content_align_inherit sc_layouts_column_icons_position_left sc_fly_static\" data-id=\"285d4f1\" data-element_type=\"column\" data-e-type=\"column\">\n\t\t\t<div class=\"elementor-widget-wrap elementor-element-populated\">\n\t\t\t\t\t\t<div class=\"elementor-element elementor-element-297dcd83 sc_fly_static elementor-widget elementor-widget-text-editor\" data-id=\"297dcd83\" data-element_type=\"widget\" data-e-type=\"widget\" data-widget_type=\"text-editor.default\">\n\t\t\t\t\t\t\t\t\t<p><span style=\"color: #1d1d1d;\"><span style=\"caret-color: #1d1d1d;\"><b>Get to know the entities that have supported our company.<\/b> Thanks to their collaboration, we continue to grow and innovate every day.<\/span><\/span><\/p>\t\t\t\t\t\t\t\t<\/div>\n\t\t\t\t\t<\/div>\n\t\t<\/div>\n\t\t\t\t\t<\/div>\n\t\t<\/section>\n\t\t\t\t<section class=\"elementor-section elementor-top-section elementor-element elementor-element-9e218f9 elementor-section-content-middle elementor-section-boxed elementor-section-height-default elementor-section-height-default sc_fly_static\" data-id=\"9e218f9\" data-element_type=\"section\" data-e-type=\"section\">\n\t\t\t\t\t\t<div class=\"elementor-container elementor-column-gap-no\">\n\t\t\t\t\t<div class=\"elementor-column elementor-col-100 elementor-top-column elementor-element elementor-element-472e04e9 sc_content_align_inherit sc_layouts_column_icons_position_left sc_fly_static\" data-id=\"472e04e9\" data-element_type=\"column\" data-e-type=\"column\">\n\t\t\t<div class=\"elementor-widget-wrap elementor-element-populated\">\n\t\t\t\t\t\t<div class=\"elementor-element elementor-element-5af30a7f sc_fly_static elementor-widget elementor-widget-image\" data-id=\"5af30a7f\" data-element_type=\"widget\" data-e-type=\"widget\" data-widget_type=\"image.default\">\n\t\t\t\t\t\t\t\t\t\t\t\t\t\t\t<img fetchpriority=\"high\" decoding=\"async\" width=\"1024\" height=\"725\" src=\"https:\/\/i0.wp.com\/segundorey.com\/wp-content\/uploads\/2025\/07\/TR342C.webp?fit=1024%2C725&amp;ssl=1\" class=\"attachment-large size-large wp-image-1250\" alt=\"Cartel de Galicia Emprega\" srcset=\"https:\/\/i0.wp.com\/segundorey.com\/wp-content\/uploads\/2025\/07\/TR342C.webp?w=1024&amp;ssl=1 1024w, https:\/\/i0.wp.com\/segundorey.com\/wp-content\/uploads\/2025\/07\/TR342C.webp?resize=300%2C212&amp;ssl=1 300w, https:\/\/i0.wp.com\/segundorey.com\/wp-content\/uploads\/2025\/07\/TR342C.webp?resize=768%2C544&amp;ssl=1 768w, https:\/\/i0.wp.com\/segundorey.com\/wp-content\/uploads\/2025\/07\/TR342C.webp?resize=370%2C262&amp;ssl=1 370w, https:\/\/i0.wp.com\/segundorey.com\/wp-content\/uploads\/2025\/07\/TR342C.webp?resize=840%2C595&amp;ssl=1 840w, https:\/\/i0.wp.com\/segundorey.com\/wp-content\/uploads\/2025\/07\/TR342C.webp?resize=410%2C290&amp;ssl=1 410w, https:\/\/i0.wp.com\/segundorey.com\/wp-content\/uploads\/2025\/07\/TR342C.webp?resize=600%2C425&amp;ssl=1 600w\" sizes=\"(max-width: 1024px) 100vw, 1024px\" \/>\t\t\t\t\t\t\t\t\t\t\t\t\t\t\t<\/div>\n\t\t\t\t<div class=\"elementor-element elementor-element-6559629 sc_fly_static elementor-widget elementor-widget-image\" data-id=\"6559629\" data-element_type=\"widget\" data-e-type=\"widget\" data-widget_type=\"image.default\">\n\t\t\t\t\t\t\t\t\t\t\t\t\t\t\t<img decoding=\"async\" width=\"1024\" height=\"724\" src=\"https:\/\/i0.wp.com\/segundorey.com\/wp-content\/uploads\/2025\/07\/cartel_dixitalizacion_industria_4-scaled.webp?fit=1024%2C724&amp;ssl=1\" class=\"attachment-large size-large wp-image-1251\" alt=\"Cartel de axudas a dixitalizaci\u00f3n industria 4.0\" srcset=\"https:\/\/i0.wp.com\/segundorey.com\/wp-content\/uploads\/2025\/07\/cartel_dixitalizacion_industria_4-scaled.webp?w=2560&amp;ssl=1 2560w, https:\/\/i0.wp.com\/segundorey.com\/wp-content\/uploads\/2025\/07\/cartel_dixitalizacion_industria_4-scaled.webp?resize=300%2C212&amp;ssl=1 300w, https:\/\/i0.wp.com\/segundorey.com\/wp-content\/uploads\/2025\/07\/cartel_dixitalizacion_industria_4-scaled.webp?resize=1024%2C724&amp;ssl=1 1024w, https:\/\/i0.wp.com\/segundorey.com\/wp-content\/uploads\/2025\/07\/cartel_dixitalizacion_industria_4-scaled.webp?resize=768%2C543&amp;ssl=1 768w, https:\/\/i0.wp.com\/segundorey.com\/wp-content\/uploads\/2025\/07\/cartel_dixitalizacion_industria_4-scaled.webp?resize=1536%2C1086&amp;ssl=1 1536w, https:\/\/i0.wp.com\/segundorey.com\/wp-content\/uploads\/2025\/07\/cartel_dixitalizacion_industria_4-scaled.webp?resize=2048%2C1449&amp;ssl=1 2048w, https:\/\/i0.wp.com\/segundorey.com\/wp-content\/uploads\/2025\/07\/cartel_dixitalizacion_industria_4-scaled.webp?resize=370%2C262&amp;ssl=1 370w, https:\/\/i0.wp.com\/segundorey.com\/wp-content\/uploads\/2025\/07\/cartel_dixitalizacion_industria_4-scaled.webp?resize=840%2C594&amp;ssl=1 840w, https:\/\/i0.wp.com\/segundorey.com\/wp-content\/uploads\/2025\/07\/cartel_dixitalizacion_industria_4-scaled.webp?resize=410%2C290&amp;ssl=1 410w, https:\/\/i0.wp.com\/segundorey.com\/wp-content\/uploads\/2025\/07\/cartel_dixitalizacion_industria_4-scaled.webp?resize=600%2C424&amp;ssl=1 600w\" sizes=\"(max-width: 1024px) 100vw, 1024px\" \/>\t\t\t\t\t\t\t\t\t\t\t\t\t\t\t<\/div>\n\t\t\t\t<div class=\"elementor-element elementor-element-c8b0f46 sc_fly_static elementor-widget elementor-widget-image\" data-id=\"c8b0f46\" data-element_type=\"widget\" data-e-type=\"widget\" data-widget_type=\"image.default\">\n\t\t\t\t\t\t\t\t\t\t\t\t\t\t\t<img decoding=\"async\" width=\"1024\" height=\"406\" src=\"https:\/\/i0.wp.com\/segundorey.com\/wp-content\/uploads\/2025\/07\/programa-modernizacion-comercio.webp?fit=1024%2C406&amp;ssl=1\" class=\"attachment-large size-large wp-image-1252\" alt=\"Cartel de axudas CO300G\" srcset=\"https:\/\/i0.wp.com\/segundorey.com\/wp-content\/uploads\/2025\/07\/programa-modernizacion-comercio.webp?w=1024&amp;ssl=1 1024w, https:\/\/i0.wp.com\/segundorey.com\/wp-content\/uploads\/2025\/07\/programa-modernizacion-comercio.webp?resize=300%2C119&amp;ssl=1 300w, https:\/\/i0.wp.com\/segundorey.com\/wp-content\/uploads\/2025\/07\/programa-modernizacion-comercio.webp?resize=768%2C305&amp;ssl=1 768w, https:\/\/i0.wp.com\/segundorey.com\/wp-content\/uploads\/2025\/07\/programa-modernizacion-comercio.webp?resize=370%2C147&amp;ssl=1 370w, https:\/\/i0.wp.com\/segundorey.com\/wp-content\/uploads\/2025\/07\/programa-modernizacion-comercio.webp?resize=840%2C333&amp;ssl=1 840w, https:\/\/i0.wp.com\/segundorey.com\/wp-content\/uploads\/2025\/07\/programa-modernizacion-comercio.webp?resize=410%2C163&amp;ssl=1 410w, https:\/\/i0.wp.com\/segundorey.com\/wp-content\/uploads\/2025\/07\/programa-modernizacion-comercio.webp?resize=600%2C238&amp;ssl=1 600w\" sizes=\"(max-width: 1024px) 100vw, 1024px\" \/>\t\t\t\t\t\t\t\t\t\t\t\t\t\t\t<\/div>\n\t\t\t\t\t<\/div>\n\t\t<\/div>\n\t\t\t\t\t<\/div>\n\t\t<\/section>\n\t\t\t\t<\/div>","protected":false},"excerpt":{"rendered":"<p>Apoyo a la empresa Conoce las entidades que han brindado su apoyo a nuestra empresa. Gracias a su colaboraci\u00f3n, seguimos creciendo e innovando cada d\u00eda.<\/p>","protected":false},"author":1,"featured_media":0,"parent":0,"menu_order":0,"comment_status":"closed","ping_status":"closed","template":"","meta":{"footnotes":""},"class_list":["post-259","page","type-page","status-publish","hentry"],"yoast_head":"<!-- This site is optimized with the Yoast SEO plugin v26.0 - https:\/\/yoast.com\/wordpress\/plugins\/seo\/ -->\n<title>Entidades colaboradoras - Segundo Rey - Cer\u00e1mica y materiales de ba\u00f1o<\/title>\n<meta name=\"robots\" content=\"index, follow, max-snippet:-1, max-image-preview:large, max-video-preview:-1\" \/>\n<link rel=\"canonical\" href=\"https:\/\/segundorey.com\/en\/subvencions\/\" \/>\n<meta property=\"og:locale\" content=\"en_GB\" \/>\n<meta property=\"og:type\" content=\"article\" \/>\n<meta property=\"og:title\" content=\"Entidades colaboradoras - Segundo Rey - Cer\u00e1mica y materiales de ba\u00f1o\" \/>\n<meta property=\"og:description\" content=\"Apoyo a la empresa Conoce las entidades que han brindado su apoyo a nuestra empresa. Gracias a su colaboraci\u00f3n, seguimos creciendo e innovando cada d\u00eda.\" \/>\n<meta property=\"og:url\" content=\"https:\/\/segundorey.com\/en\/subvencions\/\" \/>\n<meta property=\"og:site_name\" content=\"Segundo Rey - Cer\u00e1mica y materiales de ba\u00f1o\" \/>\n<meta property=\"article:publisher\" content=\"https:\/\/www.facebook.com\/segundoreysl\" \/>\n<meta property=\"article:modified_time\" content=\"2025-08-06T08:11:46+00:00\" \/>\n<meta property=\"og:image\" content=\"https:\/\/segundorey.com\/wp-content\/uploads\/2025\/07\/TR342C.webp\" \/>\n<meta name=\"twitter:card\" content=\"summary_large_image\" \/>\n<meta name=\"twitter:site\" content=\"@segundoreysl\" \/>\n<script type=\"application\/ld+json\" class=\"yoast-schema-graph\">{\"@context\":\"https:\/\/schema.org\",\"@graph\":[{\"@type\":\"WebPage\",\"@id\":\"https:\/\/segundorey.com\/subvencions\/\",\"url\":\"https:\/\/segundorey.com\/subvencions\/\",\"name\":\"Entidades colaboradoras - Segundo Rey - Cer\u00e1mica y materiales de ba\u00f1o\",\"isPartOf\":{\"@id\":\"https:\/\/segundorey.com\/#website\"},\"primaryImageOfPage\":{\"@id\":\"https:\/\/segundorey.com\/subvencions\/#primaryimage\"},\"image\":{\"@id\":\"https:\/\/segundorey.com\/subvencions\/#primaryimage\"},\"thumbnailUrl\":\"https:\/\/segundorey.com\/wp-content\/uploads\/2025\/07\/TR342C.webp\",\"datePublished\":\"2025-07-15T13:03:20+00:00\",\"dateModified\":\"2025-08-06T08:11:46+00:00\",\"breadcrumb\":{\"@id\":\"https:\/\/segundorey.com\/subvencions\/#breadcrumb\"},\"inLanguage\":\"en-GB\",\"potentialAction\":[{\"@type\":\"ReadAction\",\"target\":[\"https:\/\/segundorey.com\/subvencions\/\"]}]},{\"@type\":\"ImageObject\",\"inLanguage\":\"en-GB\",\"@id\":\"https:\/\/segundorey.com\/subvencions\/#primaryimage\",\"url\":\"https:\/\/segundorey.com\/wp-content\/uploads\/2025\/07\/TR342C.webp\",\"contentUrl\":\"https:\/\/segundorey.com\/wp-content\/uploads\/2025\/07\/TR342C.webp\"},{\"@type\":\"BreadcrumbList\",\"@id\":\"https:\/\/segundorey.com\/subvencions\/#breadcrumb\",\"itemListElement\":[{\"@type\":\"ListItem\",\"position\":1,\"name\":\"Portada\",\"item\":\"https:\/\/segundorey.com\/\"},{\"@type\":\"ListItem\",\"position\":2,\"name\":\"Entidades colaboradoras\"}]},{\"@type\":\"WebSite\",\"@id\":\"https:\/\/segundorey.com\/#website\",\"url\":\"https:\/\/segundorey.com\/\",\"name\":\"Segundo Rey - Cer\u00e1mica y materiales de ba\u00f1o\",\"description\":\"Encuentra las \u00faltimas tendencias en cer\u00e1mica y soluciones innovadoras para ba\u00f1os en Segundo Rey. Especialistas en materiales de alta calidad para transformar tus espacios con estilo y funcionalidad.\",\"publisher\":{\"@id\":\"https:\/\/segundorey.com\/#organization\"},\"potentialAction\":[{\"@type\":\"SearchAction\",\"target\":{\"@type\":\"EntryPoint\",\"urlTemplate\":\"https:\/\/segundorey.com\/?s={search_term_string}\"},\"query-input\":{\"@type\":\"PropertyValueSpecification\",\"valueRequired\":true,\"valueName\":\"search_term_string\"}}],\"inLanguage\":\"en-GB\"},{\"@type\":\"Organization\",\"@id\":\"https:\/\/segundorey.com\/#organization\",\"name\":\"Segundo Rey - Cer\u00e1mica y materiales de ba\u00f1o\",\"url\":\"https:\/\/segundorey.com\/\",\"logo\":{\"@type\":\"ImageObject\",\"inLanguage\":\"en-GB\",\"@id\":\"https:\/\/segundorey.com\/#\/schema\/logo\/image\/\",\"url\":\"https:\/\/i0.wp.com\/segundorey.com\/wp-content\/uploads\/2025\/07\/cropped-logo_SR.webp?fit=144%2C70&ssl=1\",\"contentUrl\":\"https:\/\/i0.wp.com\/segundorey.com\/wp-content\/uploads\/2025\/07\/cropped-logo_SR.webp?fit=144%2C70&ssl=1\",\"width\":144,\"height\":70,\"caption\":\"Segundo Rey - Cer\u00e1mica y materiales de ba\u00f1o\"},\"image\":{\"@id\":\"https:\/\/segundorey.com\/#\/schema\/logo\/image\/\"},\"sameAs\":[\"https:\/\/www.facebook.com\/segundoreysl\",\"https:\/\/x.com\/segundoreysl\"]}]}<\/script>\n<!-- \/ Yoast SEO plugin. -->","yoast_head_json":{"title":"Entidades colaboradoras - Segundo Rey - Cer\u00e1mica y materiales de ba\u00f1o","robots":{"index":"index","follow":"follow","max-snippet":"max-snippet:-1","max-image-preview":"max-image-preview:large","max-video-preview":"max-video-preview:-1"},"canonical":"https:\/\/segundorey.com\/en\/subvencions\/","og_locale":"en_GB","og_type":"article","og_title":"Entidades colaboradoras - Segundo Rey - Cer\u00e1mica y materiales de ba\u00f1o","og_description":"Apoyo a la empresa Conoce las entidades que han brindado su apoyo a nuestra empresa. Gracias a su colaboraci\u00f3n, seguimos creciendo e innovando cada d\u00eda.","og_url":"https:\/\/segundorey.com\/en\/subvencions\/","og_site_name":"Segundo Rey - Cer\u00e1mica y materiales de ba\u00f1o","article_publisher":"https:\/\/www.facebook.com\/segundoreysl","article_modified_time":"2025-08-06T08:11:46+00:00","og_image":[{"url":"https:\/\/segundorey.com\/wp-content\/uploads\/2025\/07\/TR342C.webp","type":"","width":"","height":""}],"twitter_card":"summary_large_image","twitter_site":"@segundoreysl","schema":{"@context":"https:\/\/schema.org","@graph":[{"@type":"WebPage","@id":"https:\/\/segundorey.com\/subvencions\/","url":"https:\/\/segundorey.com\/subvencions\/","name":"Entidades colaboradoras - Segundo Rey - Cer\u00e1mica y materiales de ba\u00f1o","isPartOf":{"@id":"https:\/\/segundorey.com\/#website"},"primaryImageOfPage":{"@id":"https:\/\/segundorey.com\/subvencions\/#primaryimage"},"image":{"@id":"https:\/\/segundorey.com\/subvencions\/#primaryimage"},"thumbnailUrl":"https:\/\/segundorey.com\/wp-content\/uploads\/2025\/07\/TR342C.webp","datePublished":"2025-07-15T13:03:20+00:00","dateModified":"2025-08-06T08:11:46+00:00","breadcrumb":{"@id":"https:\/\/segundorey.com\/subvencions\/#breadcrumb"},"inLanguage":"en-GB","potentialAction":[{"@type":"ReadAction","target":["https:\/\/segundorey.com\/subvencions\/"]}]},{"@type":"ImageObject","inLanguage":"en-GB","@id":"https:\/\/segundorey.com\/subvencions\/#primaryimage","url":"https:\/\/segundorey.com\/wp-content\/uploads\/2025\/07\/TR342C.webp","contentUrl":"https:\/\/segundorey.com\/wp-content\/uploads\/2025\/07\/TR342C.webp"},{"@type":"BreadcrumbList","@id":"https:\/\/segundorey.com\/subvencions\/#breadcrumb","itemListElement":[{"@type":"ListItem","position":1,"name":"Portada","item":"https:\/\/segundorey.com\/"},{"@type":"ListItem","position":2,"name":"Entidades colaboradoras"}]},{"@type":"WebSite","@id":"https:\/\/segundorey.com\/#website","url":"https:\/\/segundorey.com\/","name":"Segundo Rey - Cer\u00e1mica y materiales de ba\u00f1o","description":"Encuentra las \u00faltimas tendencias en cer\u00e1mica y soluciones innovadoras para ba\u00f1os en Segundo Rey. Especialistas en materiales de alta calidad para transformar tus espacios con estilo y funcionalidad.","publisher":{"@id":"https:\/\/segundorey.com\/#organization"},"potentialAction":[{"@type":"SearchAction","target":{"@type":"EntryPoint","urlTemplate":"https:\/\/segundorey.com\/?s={search_term_string}"},"query-input":{"@type":"PropertyValueSpecification","valueRequired":true,"valueName":"search_term_string"}}],"inLanguage":"en-GB"},{"@type":"Organization","@id":"https:\/\/segundorey.com\/#organization","name":"Segundo Rey - Cer\u00e1mica y materiales de ba\u00f1o","url":"https:\/\/segundorey.com\/","logo":{"@type":"ImageObject","inLanguage":"en-GB","@id":"https:\/\/segundorey.com\/#\/schema\/logo\/image\/","url":"https:\/\/i0.wp.com\/segundorey.com\/wp-content\/uploads\/2025\/07\/cropped-logo_SR.webp?fit=144%2C70&ssl=1","contentUrl":"https:\/\/i0.wp.com\/segundorey.com\/wp-content\/uploads\/2025\/07\/cropped-logo_SR.webp?fit=144%2C70&ssl=1","width":144,"height":70,"caption":"Segundo Rey - Cer\u00e1mica y materiales de ba\u00f1o"},"image":{"@id":"https:\/\/segundorey.com\/#\/schema\/logo\/image\/"},"sameAs":["https:\/\/www.facebook.com\/segundoreysl","https:\/\/x.com\/segundoreysl"]}]}},"jetpack_sharing_enabled":true,"_links":{"self":[{"href":"https:\/\/segundorey.com\/en\/wp-json\/wp\/v2\/pages\/259","targetHints":{"allow":["GET"]}}],"collection":[{"href":"https:\/\/segundorey.com\/en\/wp-json\/wp\/v2\/pages"}],"about":[{"href":"https:\/\/segundorey.com\/en\/wp-json\/wp\/v2\/types\/page"}],"author":[{"embeddable":true,"href":"https:\/\/segundorey.com\/en\/wp-json\/wp\/v2\/users\/1"}],"replies":[{"embeddable":true,"href":"https:\/\/segundorey.com\/en\/wp-json\/wp\/v2\/comments?post=259"}],"version-history":[{"count":19,"href":"https:\/\/segundorey.com\/en\/wp-json\/wp\/v2\/pages\/259\/revisions"}],"predecessor-version":[{"id":2116,"href":"https:\/\/segundorey.com\/en\/wp-json\/wp\/v2\/pages\/259\/revisions\/2116"}],"wp:attachment":[{"href":"https:\/\/segundorey.com\/en\/wp-json\/wp\/v2\/media?parent=259"}],"curies":[{"name":"wp","href":"https:\/\/api.w.org\/{rel}","templated":true}]}}