{"id":22,"date":"2025-07-15T14:59:21","date_gmt":"2025-07-15T12:59:21","guid":{"rendered":"https:\/\/segundorey.com\/?page_id=22"},"modified":"2025-09-11T10:30:11","modified_gmt":"2025-09-11T08:30:11","slug":"reembolso_devoluciones","status":"publish","type":"page","link":"https:\/\/segundorey.com\/en\/reembolso_devoluciones\/","title":{"rendered":"Pol\u00edtica de devoluciones y reembolsos"},"content":{"rendered":"<div data-elementor-type=\"wp-page\" data-elementor-id=\"22\" class=\"elementor elementor-22\" data-elementor-post-type=\"page\">\n\t\t\t\t<div class=\"elementor-element elementor-element-73e81823 e-flex e-con-boxed sc_layouts_column_icons_position_left e-con e-parent\" data-id=\"73e81823\" data-element_type=\"container\" data-e-type=\"container\">\n\t\t\t\t\t<div class=\"e-con-inner\">\n\t\t\t\t<div class=\"elementor-element elementor-element-eb0f3a1 sc_fly_static elementor-widget elementor-widget-text-editor\" data-id=\"eb0f3a1\" data-element_type=\"widget\" data-e-type=\"widget\" data-widget_type=\"text-editor.default\">\n\t\t\t\t\t\t\t\t\t\n<p>\u00a0<\/p>\n\n<h2 class=\"wp-block-heading\">CONDICIONES GENERALES DE VENTA<\/h2>\n\n<p class=\"p1\">Las condiciones generales de venta que a continuaci\u00f3n se especifican regir\u00e1n las operaciones comerciales entre Segundo Rey, S.L. y los compradores. La entrega de un pedido y la recepci\u00f3n del mismo por parte del comprador supone la aprobaci\u00f3n de las presentes condiciones:<\/p>\n\n<ul>\n<li><strong>Precios<\/strong>: Los precios de un presupuesto tienen validez de un mes desde la fecha de realizaci\u00f3n del documento. Los precios y\/o sus descuentos son aplicables para la compra del total del presupuesto. Para compras parciales del mismo se solicitar\u00e1 un nuevo presupuesto con nuevas condiciones de venta.<\/li>\n<\/ul>\n\n<ul>\n<li><strong>Env\u00edos y transporte: <\/strong>Todo pedido cuyo importe sea inferior a 200 \u20ac netos + IVA, tendr\u00e1 un recargo por transporte <span style=\"letter-spacing: 0.1px;\">de 15 \u20ac + IVA, excepto en el caso de la cer\u00e1mica (azulejos, pavimentos\u2026) d\u00f3nde el coste ser\u00e1 <\/span><span style=\"letter-spacing: 0.1px;\">de 30 \u20ac + IVA. Los pedidos superiores a dicha cantidad no tendr\u00e1n recargo por transporte.<\/span><\/li>\n<\/ul>\n\n<ul>\n<li><strong>Entrega: <\/strong>No se subir\u00e1n materiales a los pisos. Todos los materiales se entregar\u00e1n a pie de obra. Es responsabilidad del comprador que el lugar de entrega est\u00e9 en las condiciones adecuadas para la recepci\u00f3n de los materiales (buen estado del firme para el acceso con el veh\u00edculo para la descarga, que la v\u00eda de acceso permita la circulaci\u00f3n con veh\u00edculos pesados&#8230;).<\/li>\n<\/ul>\n<p class=\"p1\">En cualquier caso Segundo Rey, S.L. estar\u00e1 exento de cualquier responsabilidad por la demora en la entrega en los siguientes casos:<\/p>\n<ol>\n<li class=\"p1\">Cuando el comprador adeude a Segundo Rey, S.L. alg\u00fan pago anterior.<\/li>\n<li class=\"p1\">En caso de fuerza mayor o de acontecimientos graves o imprevistos.<\/li>\n<\/ol>\n\n<ul>\n<li><strong>Condiciones de pago: <\/strong>Las condiciones de pago se especificar\u00e1n en cada caso en el momento de la realizaci\u00f3n de la venta.<\/li>\n<\/ul>\n\n<ul>\n<li><strong>Devoluci\u00f3n de material: <\/strong>No se admitir\u00e1n devoluciones de material sin un consentimiento previo. Se establece un plazo <span style=\"letter-spacing: 0.1px;\">m\u00e1ximo para las devoluciones de mercanc\u00eda de 15 d\u00edas a partir de la fecha del albar\u00e1n. S\u00f3lo <\/span><span style=\"letter-spacing: 0.1px;\">se abonar\u00e1n materiales en buen estado y que no presenten desperfectos que impidan de nuevo <\/span><span style=\"letter-spacing: 0.1px;\">su venta. Del importe de la mercanc\u00eda objeto de devoluci\u00f3n Segundo Rey, S.L. deducir\u00e1 un <\/span><span style=\"letter-spacing: 0.1px;\">15% del valor del material. <\/span><span style=\"letter-spacing: 0.1px;\">Los gastos y transporte de la mercanc\u00eda devuelta ser\u00e1n por cargo del cliente.<\/span><\/li>\n<\/ul>\n<p class=\"p1\">En ning\u00fan caso se admitir\u00e1 la devoluci\u00f3n de materiales especiales pedidos para el cliente \u201cexprofeso\u201d.<\/p>\n<ul>\n<li><strong>Garant\u00eda:<\/strong>\n<p class=\"p1\">Todos los productos cuentan, en t\u00e9rminos generales, con la garant\u00eda establecida por Ley de dos a\u00f1os desde la adquisici\u00f3n del mismo y en las condiciones que establece el fabricante. El proveedor por tanto de dicha garant\u00eda es la empresa fabricante, en ning\u00fan caso Segundo Rey S.L., al que queda reservada \u00fanicamente la intermediaci\u00f3n entre el cliente y el proveedor de la garant\u00eda. Es necesario conservar la factura de compra para poder ejecutar la garant\u00eda. En caso de extrav\u00edo de la misma puede solicitarnos un duplicado.<\/p>\n<\/li>\n<\/ul>\n\n<ul>\n<li><strong>Pol\u00edtica de protecci\u00f3n de datos:<\/strong><\/li>\n<\/ul>\n\n<p class=\"p1\">Sus datos personales ser\u00e1n usados para nuestra relaci\u00f3n y poder prestarle nuestros servicios.<\/p>\n<p class=\"p1\">Dichos datos son necesarios para poder relacionarnos con usted, lo que nos permite el uso de su informaci\u00f3n dentro de la legalidad. Asimismo, podr\u00e1n tener conocimiento de su informaci\u00f3n aquellas entidades que necesiten tener acceso a la misma para que podamos prestarle nuestros servicios. Conservaremos sus datos durante nuestra relaci\u00f3n y mientras nos obliguen las leyes aplicables. En cualquier momento puede dirigirse a nosotros para saber qu\u00e9 informaci\u00f3n tenemos sobre usted, rectificarla si fuese incorrecta y eliminarla una vez finalizada nuestra relaci\u00f3n. Tambi\u00e9n tiene derecho a solicitar el traspaso de su informaci\u00f3n a otra entidad (portabilidad). Para solicitar alguno de estos derechos, deber\u00e1 realizar una solicitud escrita a nuestra direcci\u00f3n, junto con una fotocopia de su DNI: Segundo Rey SL, Hedras 25, CP 15895, Ames (Coru\u00f1a (A)). En caso de que entienda que sus derechos han sido desatendidos, puede formular una reclamaci\u00f3n en la Agencia Espa\u00f1ola de Protecci\u00f3n de Datos (www.agpd.es).<\/p>\n\t\t\t\t\t\t\t\t<\/div>\n\t\t\t\t\t<\/div>\n\t\t\t\t<\/div>\n\t\t\t\t<\/div>","protected":false},"excerpt":{"rendered":"<p>\u00a0 CONDICIONES GENERALES DE VENTA Las condiciones generales de venta que a continuaci\u00f3n se especifican regir\u00e1n las operaciones comerciales entre Segundo Rey, S.L. y los compradores. La entrega de un&hellip;<\/p>","protected":false},"author":1,"featured_media":0,"parent":0,"menu_order":0,"comment_status":"closed","ping_status":"closed","template":"","meta":{"footnotes":""},"class_list":["post-22","page","type-page","status-publish","hentry"],"yoast_head":"<!-- This site is optimized with the Yoast SEO plugin v26.0 - https:\/\/yoast.com\/wordpress\/plugins\/seo\/ -->\n<title>Pol\u00edtica de devoluciones y reembolsos - Segundo Rey - Cer\u00e1mica y materiales de ba\u00f1o<\/title>\n<meta name=\"robots\" content=\"index, follow, max-snippet:-1, max-image-preview:large, max-video-preview:-1\" \/>\n<link rel=\"canonical\" href=\"https:\/\/segundorey.com\/en\/?page_id=22\" \/>\n<meta property=\"og:locale\" content=\"en_GB\" \/>\n<meta property=\"og:type\" content=\"article\" \/>\n<meta property=\"og:title\" content=\"Pol\u00edtica de devoluciones y reembolsos - Segundo Rey - Cer\u00e1mica y materiales de ba\u00f1o\" \/>\n<meta property=\"og:description\" content=\"\u00a0 CONDICIONES GENERALES DE VENTA Las condiciones generales de venta que a continuaci\u00f3n se especifican regir\u00e1n las operaciones comerciales entre Segundo Rey, S.L. y los compradores. La entrega de un&hellip;\" \/>\n<meta property=\"og:url\" content=\"https:\/\/segundorey.com\/en\/?page_id=22\" \/>\n<meta property=\"og:site_name\" content=\"Segundo Rey - Cer\u00e1mica y materiales de ba\u00f1o\" \/>\n<meta property=\"article:publisher\" content=\"https:\/\/www.facebook.com\/segundoreysl\" \/>\n<meta property=\"article:modified_time\" content=\"2025-09-11T08:30:11+00:00\" \/>\n<meta name=\"twitter:card\" content=\"summary_large_image\" \/>\n<meta name=\"twitter:site\" content=\"@segundoreysl\" \/>\n<meta name=\"twitter:label1\" content=\"Estimated reading time\" \/>\n\t<meta name=\"twitter:data1\" content=\"3 minutes\" \/>\n<script type=\"application\/ld+json\" class=\"yoast-schema-graph\">{\"@context\":\"https:\/\/schema.org\",\"@graph\":[{\"@type\":\"WebPage\",\"@id\":\"https:\/\/segundorey.com\/?page_id=22\",\"url\":\"https:\/\/segundorey.com\/?page_id=22\",\"name\":\"Pol\u00edtica de devoluciones y reembolsos - Segundo Rey - Cer\u00e1mica y materiales de ba\u00f1o\",\"isPartOf\":{\"@id\":\"https:\/\/segundorey.com\/#website\"},\"datePublished\":\"2025-07-15T12:59:21+00:00\",\"dateModified\":\"2025-09-11T08:30:11+00:00\",\"breadcrumb\":{\"@id\":\"https:\/\/segundorey.com\/?page_id=22#breadcrumb\"},\"inLanguage\":\"en-GB\",\"potentialAction\":[{\"@type\":\"ReadAction\",\"target\":[\"https:\/\/segundorey.com\/?page_id=22\"]}]},{\"@type\":\"BreadcrumbList\",\"@id\":\"https:\/\/segundorey.com\/?page_id=22#breadcrumb\",\"itemListElement\":[{\"@type\":\"ListItem\",\"position\":1,\"name\":\"Portada\",\"item\":\"https:\/\/segundorey.com\/\"},{\"@type\":\"ListItem\",\"position\":2,\"name\":\"Pol\u00edtica de devoluciones y reembolsos\"}]},{\"@type\":\"WebSite\",\"@id\":\"https:\/\/segundorey.com\/#website\",\"url\":\"https:\/\/segundorey.com\/\",\"name\":\"Segundo Rey - Cer\u00e1mica y materiales de ba\u00f1o\",\"description\":\"Encuentra las \u00faltimas tendencias en cer\u00e1mica y soluciones innovadoras para ba\u00f1os en Segundo Rey. Especialistas en materiales de alta calidad para transformar tus espacios con estilo y funcionalidad.\",\"publisher\":{\"@id\":\"https:\/\/segundorey.com\/#organization\"},\"potentialAction\":[{\"@type\":\"SearchAction\",\"target\":{\"@type\":\"EntryPoint\",\"urlTemplate\":\"https:\/\/segundorey.com\/?s={search_term_string}\"},\"query-input\":{\"@type\":\"PropertyValueSpecification\",\"valueRequired\":true,\"valueName\":\"search_term_string\"}}],\"inLanguage\":\"en-GB\"},{\"@type\":\"Organization\",\"@id\":\"https:\/\/segundorey.com\/#organization\",\"name\":\"Segundo Rey - Cer\u00e1mica y materiales de ba\u00f1o\",\"url\":\"https:\/\/segundorey.com\/\",\"logo\":{\"@type\":\"ImageObject\",\"inLanguage\":\"en-GB\",\"@id\":\"https:\/\/segundorey.com\/#\/schema\/logo\/image\/\",\"url\":\"https:\/\/i0.wp.com\/segundorey.com\/wp-content\/uploads\/2025\/07\/cropped-logo_SR.webp?fit=144%2C70&ssl=1\",\"contentUrl\":\"https:\/\/i0.wp.com\/segundorey.com\/wp-content\/uploads\/2025\/07\/cropped-logo_SR.webp?fit=144%2C70&ssl=1\",\"width\":144,\"height\":70,\"caption\":\"Segundo Rey - Cer\u00e1mica y materiales de ba\u00f1o\"},\"image\":{\"@id\":\"https:\/\/segundorey.com\/#\/schema\/logo\/image\/\"},\"sameAs\":[\"https:\/\/www.facebook.com\/segundoreysl\",\"https:\/\/x.com\/segundoreysl\"]}]}<\/script>\n<!-- \/ Yoast SEO plugin. -->","yoast_head_json":{"title":"Pol\u00edtica de devoluciones y reembolsos - Segundo Rey - Cer\u00e1mica y materiales de ba\u00f1o","robots":{"index":"index","follow":"follow","max-snippet":"max-snippet:-1","max-image-preview":"max-image-preview:large","max-video-preview":"max-video-preview:-1"},"canonical":"https:\/\/segundorey.com\/en\/?page_id=22","og_locale":"en_GB","og_type":"article","og_title":"Pol\u00edtica de devoluciones y reembolsos - Segundo Rey - Cer\u00e1mica y materiales de ba\u00f1o","og_description":"\u00a0 CONDICIONES GENERALES DE VENTA Las condiciones generales de venta que a continuaci\u00f3n se especifican regir\u00e1n las operaciones comerciales entre Segundo Rey, S.L. y los compradores. La entrega de un&hellip;","og_url":"https:\/\/segundorey.com\/en\/?page_id=22","og_site_name":"Segundo Rey - Cer\u00e1mica y materiales de ba\u00f1o","article_publisher":"https:\/\/www.facebook.com\/segundoreysl","article_modified_time":"2025-09-11T08:30:11+00:00","twitter_card":"summary_large_image","twitter_site":"@segundoreysl","twitter_misc":{"Estimated reading time":"3 minutes"},"schema":{"@context":"https:\/\/schema.org","@graph":[{"@type":"WebPage","@id":"https:\/\/segundorey.com\/?page_id=22","url":"https:\/\/segundorey.com\/?page_id=22","name":"Pol\u00edtica de devoluciones y reembolsos - Segundo Rey - Cer\u00e1mica y materiales de ba\u00f1o","isPartOf":{"@id":"https:\/\/segundorey.com\/#website"},"datePublished":"2025-07-15T12:59:21+00:00","dateModified":"2025-09-11T08:30:11+00:00","breadcrumb":{"@id":"https:\/\/segundorey.com\/?page_id=22#breadcrumb"},"inLanguage":"en-GB","potentialAction":[{"@type":"ReadAction","target":["https:\/\/segundorey.com\/?page_id=22"]}]},{"@type":"BreadcrumbList","@id":"https:\/\/segundorey.com\/?page_id=22#breadcrumb","itemListElement":[{"@type":"ListItem","position":1,"name":"Portada","item":"https:\/\/segundorey.com\/"},{"@type":"ListItem","position":2,"name":"Pol\u00edtica de devoluciones y reembolsos"}]},{"@type":"WebSite","@id":"https:\/\/segundorey.com\/#website","url":"https:\/\/segundorey.com\/","name":"Segundo Rey - Cer\u00e1mica y materiales de ba\u00f1o","description":"Encuentra las \u00faltimas tendencias en cer\u00e1mica y soluciones innovadoras para ba\u00f1os en Segundo Rey. Especialistas en materiales de alta calidad para transformar tus espacios con estilo y funcionalidad.","publisher":{"@id":"https:\/\/segundorey.com\/#organization"},"potentialAction":[{"@type":"SearchAction","target":{"@type":"EntryPoint","urlTemplate":"https:\/\/segundorey.com\/?s={search_term_string}"},"query-input":{"@type":"PropertyValueSpecification","valueRequired":true,"valueName":"search_term_string"}}],"inLanguage":"en-GB"},{"@type":"Organization","@id":"https:\/\/segundorey.com\/#organization","name":"Segundo Rey - Cer\u00e1mica y materiales de ba\u00f1o","url":"https:\/\/segundorey.com\/","logo":{"@type":"ImageObject","inLanguage":"en-GB","@id":"https:\/\/segundorey.com\/#\/schema\/logo\/image\/","url":"https:\/\/i0.wp.com\/segundorey.com\/wp-content\/uploads\/2025\/07\/cropped-logo_SR.webp?fit=144%2C70&ssl=1","contentUrl":"https:\/\/i0.wp.com\/segundorey.com\/wp-content\/uploads\/2025\/07\/cropped-logo_SR.webp?fit=144%2C70&ssl=1","width":144,"height":70,"caption":"Segundo Rey - Cer\u00e1mica y materiales de ba\u00f1o"},"image":{"@id":"https:\/\/segundorey.com\/#\/schema\/logo\/image\/"},"sameAs":["https:\/\/www.facebook.com\/segundoreysl","https:\/\/x.com\/segundoreysl"]}]}},"jetpack_sharing_enabled":true,"_links":{"self":[{"href":"https:\/\/segundorey.com\/en\/wp-json\/wp\/v2\/pages\/22","targetHints":{"allow":["GET"]}}],"collection":[{"href":"https:\/\/segundorey.com\/en\/wp-json\/wp\/v2\/pages"}],"about":[{"href":"https:\/\/segundorey.com\/en\/wp-json\/wp\/v2\/types\/page"}],"author":[{"embeddable":true,"href":"https:\/\/segundorey.com\/en\/wp-json\/wp\/v2\/users\/1"}],"replies":[{"embeddable":true,"href":"https:\/\/segundorey.com\/en\/wp-json\/wp\/v2\/comments?post=22"}],"version-history":[{"count":4,"href":"https:\/\/segundorey.com\/en\/wp-json\/wp\/v2\/pages\/22\/revisions"}],"predecessor-version":[{"id":2463,"href":"https:\/\/segundorey.com\/en\/wp-json\/wp\/v2\/pages\/22\/revisions\/2463"}],"wp:attachment":[{"href":"https:\/\/segundorey.com\/en\/wp-json\/wp\/v2\/media?parent=22"}],"curies":[{"name":"wp","href":"https:\/\/api.w.org\/{rel}","templated":true}]}}