{"id":2135,"date":"2025-08-09T18:17:35","date_gmt":"2025-08-09T16:17:35","guid":{"rendered":"https:\/\/segundorey.com\/?page_id=2135"},"modified":"2025-08-09T18:35:14","modified_gmt":"2025-08-09T16:35:14","slug":"creditos","status":"publish","type":"page","link":"https:\/\/segundorey.com\/en\/creditos\/","title":{"rendered":"Credits"},"content":{"rendered":"<div data-elementor-type=\"wp-page\" data-elementor-id=\"2135\" class=\"elementor elementor-2135\" data-elementor-post-type=\"page\">\n\t\t\t\t<div class=\"e-con-with-custom-width elementor-element elementor-element-53e3ace e-con-full e-flex sc_layouts_column_icons_position_left e-con e-parent\" data-id=\"53e3ace\" data-element_type=\"container\" data-e-type=\"container\">\n\t\t\t\t<div class=\"elementor-element elementor-element-99e84aa sc_fly_static elementor-widget elementor-widget-html\" data-id=\"99e84aa\" data-element_type=\"widget\" data-e-type=\"widget\" data-widget_type=\"html.default\">\n\t\t\t\t\t<div id=\"credits-widget\">\n  <div class=\"main-container\">\n     <section class=\"credits-card\" role=\"main\">\n        <!-- Header con logo -->\n        <header class=\"credits-card__header\">\n          <div class=\"credits-card__info\">\n            <div class=\"credits-card__titles\">\n              <div class=\"credits-card__hgroup\">\n                <h1 class=\"credits-card__name\">RUB\u00c9N TERR\u00c9<\/h1>\n                <h2 class=\"credits-card__role\">\n                  DESARROLLO WEB - DISE\u00d1O GR\u00c1FICO - DOCENCIA\n                <\/h2>\n                <div class=\"credits-card__divider\"><\/div>\n                <a\n                  href=\"https:\/\/rubenterre.com\"\n                  target=\"_blank\"\n                  class=\"credits-card__website\"\n                  >www.rubenterre.com<\/a\n>\n              <\/div>\n\n              <div class=\"credits-card__logo-container\">\n               <a class=\"credits-card__linklogo\" href=\"https:\/\/rubenterre.com\"> <img data-recalc-dims=\"1\" decoding=\"async\"\n                  src=\"https:\/\/i0.wp.com\/segundorey.com\/wp-content\/uploads\/2025\/08\/logo_ruben_terre.webp?w=1280&#038;ssl=1\"\n                  alt=\"Logo Rub\u00e9n Terr\u00e9\"\n                  class=\"credits-card__logo\"\n                \/><\/a>\n              <\/div>\n            <\/div>\n          <\/div>\n        <\/header>\n\n        <!-- Informaci\u00f3n principal -->\n        <div class=\"credits-card__content\">\n          <!-- Reemplaza la secci\u00f3n de descripci\u00f3n del proyecto -->\n          <article class=\"project-showcase\">\n            <div class=\"project-showcase__header\">\n              <div class=\"project-showcase__icon\">\n                <svg width=\"24\" height=\"24\" viewbox=\"0 0 24 24\" fill=\"none\">\n                  <path\n                    d=\"M12 2L2 7v10c0 5.55 3.84 10 9 10s9-4.45 9-10V7l-10-5z\"\n                    stroke=\"currentColor\"\n                    stroke-width=\"2\"\n                    fill=\"none\"\n                  \/>\n                <\/svg>\n              <\/div>\n              <h3 class=\"project-showcase__title\">\n                WEB CORPORATIVA & TIENDA ONLINE\n              <\/h3>\n              <div class=\"project-showcase__divider\"><\/div>\n            <\/div>\n\n            <div class=\"project-showcase__content\">\n              <h4 class=\"project-showcase__client\">Segundo Rey<\/h4>\n              <p class=\"project-description__text\">\n                Segundo Rey es una empresa especializada en la venta y\n                distribuci\u00f3n de materiales de construcci\u00f3n orientados a la\n                decoraci\u00f3n de ba\u00f1os y espacios interiores. Fundada en 1989 y con\n                sede en Ames, A Coru\u00f1a, cuenta con una amplia experiencia\n                ofreciendo a sus clientes productos de alta calidad como\n                cer\u00e1mica, pavimentos, sanitarios, grifer\u00edas, muebles de ba\u00f1o,\n                mamparas e hidromasaje.\n              <\/p>\n              <p class=\"project-description__text\">\n                Rub\u00e9n Terr\u00e9 fue el desarrollador encargado de crear la nueva web\n                de Segundo Rey. En este proyecto se dise\u00f1\u00f3 una web corporativa\n                funcional y moderna que integra un sistema de gesti\u00f3n de citas\n                para clientes, un cat\u00e1logo de productos online y un sistema de\n                traducci\u00f3n autom\u00e1tica.\n              <\/p>\n\n              <!-- Tecnolog\u00edas utilizadas -->\n              <div class=\"tech-stack\">\n                <h4 class=\"tech-stack__title\">Tecnolog\u00edas utilizadas:<\/h4>\n                <ul class=\"tech-stack__list\">\n                  <li class=\"tech-stack__item\">Sistema de gesti\u00f3n de citas<\/li>\n                  <li class=\"tech-stack__item\">Cat\u00e1logo de productos online<\/li>\n                  <li class=\"tech-stack__item\">\n                    Sistema de traducci\u00f3n autom\u00e1tica\n                  <\/li>\n                  <li class=\"tech-stack__item\">M\u00f3dulo de newsletter<\/li>\n                  <li class=\"tech-stack__item\">Gesti\u00f3n de contactos<\/li>\n                <\/ul>\n              <\/div>\n            <\/div>\n          <\/article>\n        <\/div>\n\n        <!-- Footer con enlace -->\n        <footer class=\"credits-card__footer\">\n          <a\n            href=\"https:\/\/www.rubenterre.com\"\n            class=\"credits-card__link\"\n            target=\"_blank\"\n            rel=\"noopener noreferrer\"\n          >\n            www.rubenterre.com\n          <\/a>\n        <\/footer>\n      <\/section>\n  <\/div>\n<\/div>\n\t\t\t\t<\/div>\n\t\t\t\t<\/div>\n\t\t\t\t<\/div>","protected":false},"excerpt":{"rendered":"<p>RUB\u00c9N TERR\u00c9 DESARROLLO WEB &#8211; DISE\u00d1O GR\u00c1FICO &#8211; DOCENCIA www.rubenterre.com WEB CORPORATIVA &#038; TIENDA ONLINE Segundo Rey Segundo Rey es una empresa especializada en la venta y distribuci\u00f3n de materiales&hellip;<\/p>","protected":false},"author":1,"featured_media":0,"parent":0,"menu_order":0,"comment_status":"closed","ping_status":"closed","template":"","meta":{"footnotes":""},"class_list":["post-2135","page","type-page","status-publish","hentry"],"yoast_head":"<!-- This site is optimized with the Yoast SEO plugin v26.0 - https:\/\/yoast.com\/wordpress\/plugins\/seo\/ -->\n<title>Cr\u00e9ditos - Segundo Rey - Cer\u00e1mica y materiales de ba\u00f1o<\/title>\n<meta name=\"robots\" content=\"index, follow, max-snippet:-1, max-image-preview:large, max-video-preview:-1\" \/>\n<link rel=\"canonical\" href=\"https:\/\/segundorey.com\/en\/creditos\/\" \/>\n<meta property=\"og:locale\" content=\"en_GB\" \/>\n<meta property=\"og:type\" content=\"article\" \/>\n<meta property=\"og:title\" content=\"Cr\u00e9ditos - Segundo Rey - Cer\u00e1mica y materiales de ba\u00f1o\" \/>\n<meta property=\"og:description\" content=\"RUB\u00c9N TERR\u00c9 DESARROLLO WEB &#8211; DISE\u00d1O GR\u00c1FICO &#8211; DOCENCIA www.rubenterre.com WEB CORPORATIVA &#038; TIENDA ONLINE Segundo Rey Segundo Rey es una empresa especializada en la venta y distribuci\u00f3n de materiales&hellip;\" \/>\n<meta property=\"og:url\" content=\"https:\/\/segundorey.com\/en\/creditos\/\" \/>\n<meta property=\"og:site_name\" content=\"Segundo Rey - Cer\u00e1mica y materiales de ba\u00f1o\" \/>\n<meta property=\"article:publisher\" content=\"https:\/\/www.facebook.com\/segundoreysl\" \/>\n<meta property=\"article:modified_time\" content=\"2025-08-09T16:35:14+00:00\" \/>\n<meta name=\"twitter:card\" content=\"summary_large_image\" \/>\n<meta name=\"twitter:site\" content=\"@segundoreysl\" \/>\n<meta name=\"twitter:label1\" content=\"Estimated reading time\" \/>\n\t<meta name=\"twitter:data1\" content=\"1 minute\" \/>\n<script type=\"application\/ld+json\" class=\"yoast-schema-graph\">{\"@context\":\"https:\/\/schema.org\",\"@graph\":[{\"@type\":\"WebPage\",\"@id\":\"https:\/\/segundorey.com\/creditos\/\",\"url\":\"https:\/\/segundorey.com\/creditos\/\",\"name\":\"Cr\u00e9ditos - Segundo Rey - Cer\u00e1mica y materiales de ba\u00f1o\",\"isPartOf\":{\"@id\":\"https:\/\/segundorey.com\/#website\"},\"datePublished\":\"2025-08-09T16:17:35+00:00\",\"dateModified\":\"2025-08-09T16:35:14+00:00\",\"breadcrumb\":{\"@id\":\"https:\/\/segundorey.com\/creditos\/#breadcrumb\"},\"inLanguage\":\"en-GB\",\"potentialAction\":[{\"@type\":\"ReadAction\",\"target\":[\"https:\/\/segundorey.com\/creditos\/\"]}]},{\"@type\":\"BreadcrumbList\",\"@id\":\"https:\/\/segundorey.com\/creditos\/#breadcrumb\",\"itemListElement\":[{\"@type\":\"ListItem\",\"position\":1,\"name\":\"Portada\",\"item\":\"https:\/\/segundorey.com\/\"},{\"@type\":\"ListItem\",\"position\":2,\"name\":\"Cr\u00e9ditos\"}]},{\"@type\":\"WebSite\",\"@id\":\"https:\/\/segundorey.com\/#website\",\"url\":\"https:\/\/segundorey.com\/\",\"name\":\"Segundo Rey - Cer\u00e1mica y materiales de ba\u00f1o\",\"description\":\"Encuentra las \u00faltimas tendencias en cer\u00e1mica y soluciones innovadoras para ba\u00f1os en Segundo Rey. Especialistas en materiales de alta calidad para transformar tus espacios con estilo y funcionalidad.\",\"publisher\":{\"@id\":\"https:\/\/segundorey.com\/#organization\"},\"potentialAction\":[{\"@type\":\"SearchAction\",\"target\":{\"@type\":\"EntryPoint\",\"urlTemplate\":\"https:\/\/segundorey.com\/?s={search_term_string}\"},\"query-input\":{\"@type\":\"PropertyValueSpecification\",\"valueRequired\":true,\"valueName\":\"search_term_string\"}}],\"inLanguage\":\"en-GB\"},{\"@type\":\"Organization\",\"@id\":\"https:\/\/segundorey.com\/#organization\",\"name\":\"Segundo Rey - Cer\u00e1mica y materiales de ba\u00f1o\",\"url\":\"https:\/\/segundorey.com\/\",\"logo\":{\"@type\":\"ImageObject\",\"inLanguage\":\"en-GB\",\"@id\":\"https:\/\/segundorey.com\/#\/schema\/logo\/image\/\",\"url\":\"https:\/\/i0.wp.com\/segundorey.com\/wp-content\/uploads\/2025\/07\/cropped-logo_SR.webp?fit=144%2C70&ssl=1\",\"contentUrl\":\"https:\/\/i0.wp.com\/segundorey.com\/wp-content\/uploads\/2025\/07\/cropped-logo_SR.webp?fit=144%2C70&ssl=1\",\"width\":144,\"height\":70,\"caption\":\"Segundo Rey - Cer\u00e1mica y materiales de ba\u00f1o\"},\"image\":{\"@id\":\"https:\/\/segundorey.com\/#\/schema\/logo\/image\/\"},\"sameAs\":[\"https:\/\/www.facebook.com\/segundoreysl\",\"https:\/\/x.com\/segundoreysl\"]}]}<\/script>\n<!-- \/ Yoast SEO plugin. -->","yoast_head_json":{"title":"Cr\u00e9ditos - Segundo Rey - Cer\u00e1mica y materiales de ba\u00f1o","robots":{"index":"index","follow":"follow","max-snippet":"max-snippet:-1","max-image-preview":"max-image-preview:large","max-video-preview":"max-video-preview:-1"},"canonical":"https:\/\/segundorey.com\/en\/creditos\/","og_locale":"en_GB","og_type":"article","og_title":"Cr\u00e9ditos - Segundo Rey - Cer\u00e1mica y materiales de ba\u00f1o","og_description":"RUB\u00c9N TERR\u00c9 DESARROLLO WEB &#8211; DISE\u00d1O GR\u00c1FICO &#8211; DOCENCIA www.rubenterre.com WEB CORPORATIVA &#038; TIENDA ONLINE Segundo Rey Segundo Rey es una empresa especializada en la venta y distribuci\u00f3n de materiales&hellip;","og_url":"https:\/\/segundorey.com\/en\/creditos\/","og_site_name":"Segundo Rey - Cer\u00e1mica y materiales de ba\u00f1o","article_publisher":"https:\/\/www.facebook.com\/segundoreysl","article_modified_time":"2025-08-09T16:35:14+00:00","twitter_card":"summary_large_image","twitter_site":"@segundoreysl","twitter_misc":{"Estimated reading time":"1 minute"},"schema":{"@context":"https:\/\/schema.org","@graph":[{"@type":"WebPage","@id":"https:\/\/segundorey.com\/creditos\/","url":"https:\/\/segundorey.com\/creditos\/","name":"Cr\u00e9ditos - Segundo Rey - Cer\u00e1mica y materiales de ba\u00f1o","isPartOf":{"@id":"https:\/\/segundorey.com\/#website"},"datePublished":"2025-08-09T16:17:35+00:00","dateModified":"2025-08-09T16:35:14+00:00","breadcrumb":{"@id":"https:\/\/segundorey.com\/creditos\/#breadcrumb"},"inLanguage":"en-GB","potentialAction":[{"@type":"ReadAction","target":["https:\/\/segundorey.com\/creditos\/"]}]},{"@type":"BreadcrumbList","@id":"https:\/\/segundorey.com\/creditos\/#breadcrumb","itemListElement":[{"@type":"ListItem","position":1,"name":"Portada","item":"https:\/\/segundorey.com\/"},{"@type":"ListItem","position":2,"name":"Cr\u00e9ditos"}]},{"@type":"WebSite","@id":"https:\/\/segundorey.com\/#website","url":"https:\/\/segundorey.com\/","name":"Segundo Rey - Cer\u00e1mica y materiales de ba\u00f1o","description":"Encuentra las \u00faltimas tendencias en cer\u00e1mica y soluciones innovadoras para ba\u00f1os en Segundo Rey. Especialistas en materiales de alta calidad para transformar tus espacios con estilo y funcionalidad.","publisher":{"@id":"https:\/\/segundorey.com\/#organization"},"potentialAction":[{"@type":"SearchAction","target":{"@type":"EntryPoint","urlTemplate":"https:\/\/segundorey.com\/?s={search_term_string}"},"query-input":{"@type":"PropertyValueSpecification","valueRequired":true,"valueName":"search_term_string"}}],"inLanguage":"en-GB"},{"@type":"Organization","@id":"https:\/\/segundorey.com\/#organization","name":"Segundo Rey - Cer\u00e1mica y materiales de ba\u00f1o","url":"https:\/\/segundorey.com\/","logo":{"@type":"ImageObject","inLanguage":"en-GB","@id":"https:\/\/segundorey.com\/#\/schema\/logo\/image\/","url":"https:\/\/i0.wp.com\/segundorey.com\/wp-content\/uploads\/2025\/07\/cropped-logo_SR.webp?fit=144%2C70&ssl=1","contentUrl":"https:\/\/i0.wp.com\/segundorey.com\/wp-content\/uploads\/2025\/07\/cropped-logo_SR.webp?fit=144%2C70&ssl=1","width":144,"height":70,"caption":"Segundo Rey - Cer\u00e1mica y materiales de ba\u00f1o"},"image":{"@id":"https:\/\/segundorey.com\/#\/schema\/logo\/image\/"},"sameAs":["https:\/\/www.facebook.com\/segundoreysl","https:\/\/x.com\/segundoreysl"]}]}},"jetpack_sharing_enabled":true,"_links":{"self":[{"href":"https:\/\/segundorey.com\/en\/wp-json\/wp\/v2\/pages\/2135","targetHints":{"allow":["GET"]}}],"collection":[{"href":"https:\/\/segundorey.com\/en\/wp-json\/wp\/v2\/pages"}],"about":[{"href":"https:\/\/segundorey.com\/en\/wp-json\/wp\/v2\/types\/page"}],"author":[{"embeddable":true,"href":"https:\/\/segundorey.com\/en\/wp-json\/wp\/v2\/users\/1"}],"replies":[{"embeddable":true,"href":"https:\/\/segundorey.com\/en\/wp-json\/wp\/v2\/comments?post=2135"}],"version-history":[{"count":8,"href":"https:\/\/segundorey.com\/en\/wp-json\/wp\/v2\/pages\/2135\/revisions"}],"predecessor-version":[{"id":2144,"href":"https:\/\/segundorey.com\/en\/wp-json\/wp\/v2\/pages\/2135\/revisions\/2144"}],"wp:attachment":[{"href":"https:\/\/segundorey.com\/en\/wp-json\/wp\/v2\/media?parent=2135"}],"curies":[{"name":"wp","href":"https:\/\/api.w.org\/{rel}","templated":true}]}}