{"id":19,"date":"2025-07-15T14:59:21","date_gmt":"2025-07-15T12:59:21","guid":{"rendered":"https:\/\/segundorey.com\/carrito\/"},"modified":"2025-09-11T11:11:57","modified_gmt":"2025-09-11T09:11:57","slug":"carrito","status":"publish","type":"page","link":"https:\/\/segundorey.com\/en\/carrito\/","title":{"rendered":"Carrito"},"content":{"rendered":"<div data-elementor-type=\"wp-page\" data-elementor-id=\"19\" class=\"elementor elementor-19\" data-elementor-post-type=\"page\">\n\t\t\t\t<div class=\"elementor-element elementor-element-612428d e-flex e-con-boxed sc_layouts_column_icons_position_left e-con e-parent\" data-id=\"612428d\" data-element_type=\"container\" data-e-type=\"container\">\n\t\t\t\t\t<div class=\"e-con-inner\">\n\t\t\t\t\t<\/div>\n\t\t\t\t<\/div>\n\t\t\t\t<\/div>","protected":false},"excerpt":{"rendered":"","protected":false},"author":1,"featured_media":0,"parent":0,"menu_order":0,"comment_status":"closed","ping_status":"closed","template":"","meta":{"footnotes":""},"class_list":["post-19","page","type-page","status-publish","hentry"],"yoast_head":"<!-- This site is optimized with the Yoast SEO plugin v26.0 - https:\/\/yoast.com\/wordpress\/plugins\/seo\/ -->\n<title>Carrito - Segundo Rey - Cer\u00e1mica y materiales de ba\u00f1o<\/title>\n<meta name=\"robots\" content=\"index, follow, max-snippet:-1, max-image-preview:large, max-video-preview:-1\" \/>\n<link rel=\"canonical\" href=\"https:\/\/segundorey.com\/en\/carrito\/\" \/>\n<meta property=\"og:locale\" content=\"en_GB\" \/>\n<meta property=\"og:type\" content=\"article\" \/>\n<meta property=\"og:title\" content=\"Carrito - Segundo Rey - Cer\u00e1mica y materiales de ba\u00f1o\" \/>\n<meta property=\"og:url\" content=\"https:\/\/segundorey.com\/en\/carrito\/\" \/>\n<meta property=\"og:site_name\" content=\"Segundo Rey - Cer\u00e1mica y materiales de ba\u00f1o\" \/>\n<meta property=\"article:publisher\" content=\"https:\/\/www.facebook.com\/segundoreysl\" \/>\n<meta property=\"article:modified_time\" content=\"2025-09-11T09:11:57+00:00\" \/>\n<meta name=\"twitter:card\" content=\"summary_large_image\" \/>\n<meta name=\"twitter:site\" content=\"@segundoreysl\" \/>\n<script type=\"application\/ld+json\" class=\"yoast-schema-graph\">{\"@context\":\"https:\/\/schema.org\",\"@graph\":[{\"@type\":\"WebPage\",\"@id\":\"https:\/\/segundorey.com\/carrito\/\",\"url\":\"https:\/\/segundorey.com\/carrito\/\",\"name\":\"Carrito - Segundo Rey - Cer\u00e1mica y materiales de ba\u00f1o\",\"isPartOf\":{\"@id\":\"https:\/\/segundorey.com\/#website\"},\"datePublished\":\"2025-07-15T12:59:21+00:00\",\"dateModified\":\"2025-09-11T09:11:57+00:00\",\"breadcrumb\":{\"@id\":\"https:\/\/segundorey.com\/carrito\/#breadcrumb\"},\"inLanguage\":\"en-GB\",\"potentialAction\":[{\"@type\":\"ReadAction\",\"target\":[\"https:\/\/segundorey.com\/carrito\/\"]}]},{\"@type\":\"BreadcrumbList\",\"@id\":\"https:\/\/segundorey.com\/carrito\/#breadcrumb\",\"itemListElement\":[{\"@type\":\"ListItem\",\"position\":1,\"name\":\"Portada\",\"item\":\"https:\/\/segundorey.com\/\"},{\"@type\":\"ListItem\",\"position\":2,\"name\":\"Carrito\"}]},{\"@type\":\"WebSite\",\"@id\":\"https:\/\/segundorey.com\/#website\",\"url\":\"https:\/\/segundorey.com\/\",\"name\":\"Segundo Rey - Cer\u00e1mica y materiales de ba\u00f1o\",\"description\":\"Encuentra las \u00faltimas tendencias en cer\u00e1mica y soluciones innovadoras para ba\u00f1os en Segundo Rey. Especialistas en materiales de alta calidad para transformar tus espacios con estilo y funcionalidad.\",\"publisher\":{\"@id\":\"https:\/\/segundorey.com\/#organization\"},\"potentialAction\":[{\"@type\":\"SearchAction\",\"target\":{\"@type\":\"EntryPoint\",\"urlTemplate\":\"https:\/\/segundorey.com\/?s={search_term_string}\"},\"query-input\":{\"@type\":\"PropertyValueSpecification\",\"valueRequired\":true,\"valueName\":\"search_term_string\"}}],\"inLanguage\":\"en-GB\"},{\"@type\":\"Organization\",\"@id\":\"https:\/\/segundorey.com\/#organization\",\"name\":\"Segundo Rey - Cer\u00e1mica y materiales de ba\u00f1o\",\"url\":\"https:\/\/segundorey.com\/\",\"logo\":{\"@type\":\"ImageObject\",\"inLanguage\":\"en-GB\",\"@id\":\"https:\/\/segundorey.com\/#\/schema\/logo\/image\/\",\"url\":\"https:\/\/i0.wp.com\/segundorey.com\/wp-content\/uploads\/2025\/07\/cropped-logo_SR.webp?fit=144%2C70&ssl=1\",\"contentUrl\":\"https:\/\/i0.wp.com\/segundorey.com\/wp-content\/uploads\/2025\/07\/cropped-logo_SR.webp?fit=144%2C70&ssl=1\",\"width\":144,\"height\":70,\"caption\":\"Segundo Rey - Cer\u00e1mica y materiales de ba\u00f1o\"},\"image\":{\"@id\":\"https:\/\/segundorey.com\/#\/schema\/logo\/image\/\"},\"sameAs\":[\"https:\/\/www.facebook.com\/segundoreysl\",\"https:\/\/x.com\/segundoreysl\"]}]}<\/script>\n<!-- \/ Yoast SEO plugin. -->","yoast_head_json":{"title":"Carrito - Segundo Rey - Cer\u00e1mica y materiales de ba\u00f1o","robots":{"index":"index","follow":"follow","max-snippet":"max-snippet:-1","max-image-preview":"max-image-preview:large","max-video-preview":"max-video-preview:-1"},"canonical":"https:\/\/segundorey.com\/en\/carrito\/","og_locale":"en_GB","og_type":"article","og_title":"Carrito - Segundo Rey - Cer\u00e1mica y materiales de ba\u00f1o","og_url":"https:\/\/segundorey.com\/en\/carrito\/","og_site_name":"Segundo Rey - Cer\u00e1mica y materiales de ba\u00f1o","article_publisher":"https:\/\/www.facebook.com\/segundoreysl","article_modified_time":"2025-09-11T09:11:57+00:00","twitter_card":"summary_large_image","twitter_site":"@segundoreysl","schema":{"@context":"https:\/\/schema.org","@graph":[{"@type":"WebPage","@id":"https:\/\/segundorey.com\/carrito\/","url":"https:\/\/segundorey.com\/carrito\/","name":"Carrito - Segundo Rey - Cer\u00e1mica y materiales de ba\u00f1o","isPartOf":{"@id":"https:\/\/segundorey.com\/#website"},"datePublished":"2025-07-15T12:59:21+00:00","dateModified":"2025-09-11T09:11:57+00:00","breadcrumb":{"@id":"https:\/\/segundorey.com\/carrito\/#breadcrumb"},"inLanguage":"en-GB","potentialAction":[{"@type":"ReadAction","target":["https:\/\/segundorey.com\/carrito\/"]}]},{"@type":"BreadcrumbList","@id":"https:\/\/segundorey.com\/carrito\/#breadcrumb","itemListElement":[{"@type":"ListItem","position":1,"name":"Portada","item":"https:\/\/segundorey.com\/"},{"@type":"ListItem","position":2,"name":"Carrito"}]},{"@type":"WebSite","@id":"https:\/\/segundorey.com\/#website","url":"https:\/\/segundorey.com\/","name":"Segundo Rey - Cer\u00e1mica y materiales de ba\u00f1o","description":"Encuentra las \u00faltimas tendencias en cer\u00e1mica y soluciones innovadoras para ba\u00f1os en Segundo Rey. Especialistas en materiales de alta calidad para transformar tus espacios con estilo y funcionalidad.","publisher":{"@id":"https:\/\/segundorey.com\/#organization"},"potentialAction":[{"@type":"SearchAction","target":{"@type":"EntryPoint","urlTemplate":"https:\/\/segundorey.com\/?s={search_term_string}"},"query-input":{"@type":"PropertyValueSpecification","valueRequired":true,"valueName":"search_term_string"}}],"inLanguage":"en-GB"},{"@type":"Organization","@id":"https:\/\/segundorey.com\/#organization","name":"Segundo Rey - Cer\u00e1mica y materiales de ba\u00f1o","url":"https:\/\/segundorey.com\/","logo":{"@type":"ImageObject","inLanguage":"en-GB","@id":"https:\/\/segundorey.com\/#\/schema\/logo\/image\/","url":"https:\/\/i0.wp.com\/segundorey.com\/wp-content\/uploads\/2025\/07\/cropped-logo_SR.webp?fit=144%2C70&ssl=1","contentUrl":"https:\/\/i0.wp.com\/segundorey.com\/wp-content\/uploads\/2025\/07\/cropped-logo_SR.webp?fit=144%2C70&ssl=1","width":144,"height":70,"caption":"Segundo Rey - Cer\u00e1mica y materiales de ba\u00f1o"},"image":{"@id":"https:\/\/segundorey.com\/#\/schema\/logo\/image\/"},"sameAs":["https:\/\/www.facebook.com\/segundoreysl","https:\/\/x.com\/segundoreysl"]}]}},"jetpack_sharing_enabled":true,"_links":{"self":[{"href":"https:\/\/segundorey.com\/en\/wp-json\/wp\/v2\/pages\/19","targetHints":{"allow":["GET"]}}],"collection":[{"href":"https:\/\/segundorey.com\/en\/wp-json\/wp\/v2\/pages"}],"about":[{"href":"https:\/\/segundorey.com\/en\/wp-json\/wp\/v2\/types\/page"}],"author":[{"embeddable":true,"href":"https:\/\/segundorey.com\/en\/wp-json\/wp\/v2\/users\/1"}],"replies":[{"embeddable":true,"href":"https:\/\/segundorey.com\/en\/wp-json\/wp\/v2\/comments?post=19"}],"version-history":[{"count":5,"href":"https:\/\/segundorey.com\/en\/wp-json\/wp\/v2\/pages\/19\/revisions"}],"predecessor-version":[{"id":2125,"href":"https:\/\/segundorey.com\/en\/wp-json\/wp\/v2\/pages\/19\/revisions\/2125"}],"wp:attachment":[{"href":"https:\/\/segundorey.com\/en\/wp-json\/wp\/v2\/media?parent=19"}],"curies":[{"name":"wp","href":"https:\/\/api.w.org\/{rel}","templated":true}]}}