{"id":1634,"date":"2025-07-28T09:00:15","date_gmt":"2025-07-28T07:00:15","guid":{"rendered":"https:\/\/segundorey.com\/?page_id=1634"},"modified":"2025-08-11T17:42:40","modified_gmt":"2025-08-11T15:42:40","slug":"outlet","status":"publish","type":"page","link":"https:\/\/segundorey.com\/en\/outlet\/","title":{"rendered":"Outlet"},"content":{"rendered":"<div data-elementor-type=\"wp-page\" data-elementor-id=\"1634\" class=\"elementor elementor-1634\" data-elementor-post-type=\"page\">\n\t\t\t\t<div class=\"elementor-element elementor-element-1600bd6 categories-list-top sc_layouts_hide_on_tablet sc_layouts_hide_on_mobile e-flex e-con-boxed sc_layouts_column_icons_position_left e-con e-parent\" data-id=\"1600bd6\" data-element_type=\"container\" data-e-type=\"container\">\n\t\t\t\t\t<div class=\"e-con-inner\">\n\t\t\t\t\t<\/div>\n\t\t\t\t<\/div>\n\t\t\t\t<section class=\"elementor-section elementor-top-section elementor-element elementor-element-5710156a sc_layouts_hide_on_wide sc_layouts_hide_on_desktop sc_layouts_hide_on_notebook elementor-section-boxed elementor-section-height-default elementor-section-height-default sc_fly_static\" data-id=\"5710156a\" data-element_type=\"section\" data-e-type=\"section\">\n\t\t\t\t\t\t<div class=\"elementor-container elementor-column-gap-no\">\n\t\t\t\t\t<div class=\"elementor-column elementor-col-50 elementor-top-column elementor-element elementor-element-7b7676e6 sc_content_align_inherit sc_layouts_column_icons_position_left sc_fly_static\" data-id=\"7b7676e6\" data-element_type=\"column\" data-e-type=\"column\">\n\t\t\t<div class=\"elementor-widget-wrap elementor-element-populated\">\n\t\t\t\t\t\t<div data-animation-type=\"block\" class=\"elementor-element elementor-element-67ca0ca8 elementor-position-inline-end elementor-widget__width-auto elementor-mobile-position-inline-end elementor-widget-mobile__width-auto elementor-view-default animation_type_block sc_fly_static elementor-invisible elementor-widget elementor-widget-icon-box\" data-id=\"67ca0ca8\" data-element_type=\"widget\" data-e-type=\"widget\" data-settings=\"{&quot;_animation&quot;:&quot;slideInUp&quot;,&quot;_animation_tablet&quot;:&quot;none&quot;}\" data-widget_type=\"icon-box.default\">\n\t\t\t\t\t\t\t<div class=\"elementor-icon-box-wrapper\">\n\n\t\t\t\t\t\t<div class=\"elementor-icon-box-icon\">\n\t\t\t\t<span  class=\"elementor-icon\">\n\t\t\t\t<svg xmlns=\"http:\/\/www.w3.org\/2000\/svg\" xmlns:xlink=\"http:\/\/www.w3.org\/1999\/xlink\" width=\"61\" height=\"30\"><path fill=\"#FA6400\" transform=\"matrix(1 0 0 -1 1.25977 16.2598)\" d=\"M57.011719 1.2597656C57.148438 1.2597656 57.260742 1.2011719 57.348633 1.0839844C57.436523 0.96679688 57.480469 0.8203125 57.480469 0.64453125C57.480469 0.48828125 57.446289 0.3515625 57.37793 0.234375C57.30957 0.1171875 57.216797 0.048828125 57.099609 0.029296875L57.011719 0L0.46875 0C0.33203125 0 0.21972656 0.063476555 0.13183594 0.19042969C0.043945312 0.31738281 0 0.46875 0 0.64453125C0 0.80078125 0.034179691 0.93261719 0.10253906 1.0400391C0.17089844 1.1474609 0.26367188 1.2207031 0.38085938 1.2597656L0.46875 1.2597656L57.011719 1.2597656Z\"><\/path><\/svg>\t\t\t\t<\/span>\n\t\t\t<\/div>\n\t\t\t\n\t\t\t\t\t\t<div class=\"elementor-icon-box-content\">\n\n\t\t\t\t\t\t\t\t\t<span class=\"elementor-icon-box-title\">\n\t\t\t\t\t\t<span  >\n\t\t\t\t\t\t\tOutlet\t\t\t\t\t\t<\/span>\n\t\t\t\t\t<\/span>\n\t\t\t\t\n\t\t\t\t\n\t\t\t<\/div>\n\t\t\t\n\t\t<\/div>\n\t\t\t\t\t\t<\/div>\n\t\t\t\t<div data-animation-type=\"block\" class=\"elementor-element elementor-element-2b2ac56b animation_type_block sc_fly_static elementor-invisible elementor-widget elementor-widget-heading\" data-id=\"2b2ac56b\" data-element_type=\"widget\" data-e-type=\"widget\" data-settings=\"{&quot;_animation&quot;:&quot;slideInUp&quot;}\" data-widget_type=\"heading.default\">\n\t\t\t\t\t<h1 class=\"elementor-heading-title elementor-size-default\">Shop outlet<\/h1>\t\t\t\t<\/div>\n\t\t\t\t\t<\/div>\n\t\t<\/div>\n\t\t\t\t<div class=\"elementor-column elementor-col-50 elementor-top-column elementor-element elementor-element-3e371d0b sc_content_align_inherit sc_layouts_column_icons_position_left sc_fly_static\" data-id=\"3e371d0b\" data-element_type=\"column\" data-e-type=\"column\">\n\t\t\t<div class=\"elementor-widget-wrap elementor-element-populated\">\n\t\t\t\t\t\t<div data-animation-type=\"block\" class=\"elementor-element elementor-element-64751bc0 animation_type_block sc_fly_static elementor-invisible elementor-widget elementor-widget-text-editor\" data-id=\"64751bc0\" data-element_type=\"widget\" data-e-type=\"widget\" data-settings=\"{&quot;_animation&quot;:&quot;slideInUp&quot;}\" data-widget_type=\"text-editor.default\">\n\t\t\t\t\t\t\t\t\t<p>The Outlet section of Segundo Rey SL offers high quality ceramics and bath materials with irresistible discounts. Explore versatile solutions and elegant designs to renew your space.<\/p>\t\t\t\t\t\t\t\t<\/div>\n\t\t\t\t\t<\/div>\n\t\t<\/div>\n\t\t\t\t\t<\/div>\n\t\t<\/section>\n\t\t<div class=\"elementor-element elementor-element-116dc206 sc_layouts_hide_on_wide sc_layouts_hide_on_desktop sc_layouts_hide_on_notebook sc_layouts_row_delimiter e-flex e-con-boxed sc_layouts_column_icons_position_left e-con e-parent\" data-id=\"116dc206\" data-element_type=\"container\" data-e-type=\"container\" data-settings=\"{&quot;background_background&quot;:&quot;classic&quot;}\">\n\t\t\t\t\t<div class=\"e-con-inner\">\n\t\t\t\t<div class=\"elementor-element elementor-element-3933eb5b sc_layouts_hide_on_wide sc_layouts_hide_on_desktop sc_layouts_hide_on_notebook sc_layouts_hide_on_tablet sc_fly_static elementor-widget elementor-widget-heading\" data-id=\"3933eb5b\" data-element_type=\"widget\" data-e-type=\"widget\" data-widget_type=\"heading.default\">\n\t\t\t\t\t<h5 class=\"elementor-heading-title elementor-size-default\">CATEGOR\u00cdAS<\/h5>\t\t\t\t<\/div>\n\t\t\t\t<div class=\"elementor-element elementor-element-2afb788a elementor-nav-menu__align-center elementor-nav-menu--dropdown-mobile elementor-nav-menu--stretch elementor-nav-menu__text-align-center sc_fly_static elementor-widget elementor-widget-nav-menu\" data-id=\"2afb788a\" data-element_type=\"widget\" data-e-type=\"widget\" data-settings=\"{&quot;full_width&quot;:&quot;stretch&quot;,&quot;layout&quot;:&quot;horizontal&quot;,&quot;submenu_icon&quot;:{&quot;value&quot;:&quot;&lt;svg aria-hidden=\\&quot;true\\&quot; class=\\&quot;e-font-icon-svg e-fas-caret-down\\&quot; viewBox=\\&quot;0 0 320 512\\&quot; xmlns=\\&quot;http:\\\/\\\/www.w3.org\\\/2000\\\/svg\\&quot;&gt;&lt;path d=\\&quot;M31.3 192h257.3c17.8 0 26.7 21.5 14.1 34.1L174.1 354.8c-7.8 7.8-20.5 7.8-28.3 0L17.2 226.1C4.6 213.5 13.5 192 31.3 192z\\&quot;&gt;&lt;\\\/path&gt;&lt;\\\/svg&gt;&quot;,&quot;library&quot;:&quot;fa-solid&quot;}}\" data-widget_type=\"nav-menu.default\">\n\t\t\t\t\t\t\t\t<nav aria-label=\"Menu\" class=\"elementor-nav-menu--main elementor-nav-menu__container elementor-nav-menu--layout-horizontal e--pointer-underline e--animation-fade\">\n\t\t\t\t<ul id=\"menu-1-2afb788a\" class=\"elementor-nav-menu\"><li class=\"menu-item menu-item-type-custom menu-item-object-custom menu-item-1991\"><a href=\"\/categoria-producto\/ceramicas\/\" class=\"elementor-item\">Ceramical<\/a><\/li><li class=\"menu-item menu-item-type-custom menu-item-object-custom menu-item-1992\"><a href=\"\/categoria-producto\/griferias\/\" class=\"elementor-item\">Faucets<\/a><\/li><li class=\"menu-item menu-item-type-custom menu-item-object-custom menu-item-1993\"><a href=\"\/categoria-producto\/platos-de-ducha\/\" class=\"elementor-item\">Shower trays<\/a><\/li><li class=\"menu-item menu-item-type-custom menu-item-object-custom menu-item-1994\"><a href=\"\/categoria-producto\/sanitarios\/\" class=\"elementor-item\">Sanitary ware<\/a><\/li><\/ul>\t\t\t<\/nav>\n\t\t\t\t\t\t<nav class=\"elementor-nav-menu--dropdown elementor-nav-menu__container\" aria-hidden=\"true\">\n\t\t\t\t<ul id=\"menu-2-2afb788a\" class=\"elementor-nav-menu\"><li class=\"menu-item menu-item-type-custom menu-item-object-custom menu-item-1991\"><a href=\"\/categoria-producto\/ceramicas\/\" class=\"elementor-item\" tabindex=\"-1\">Ceramical<\/a><\/li><li class=\"menu-item menu-item-type-custom menu-item-object-custom menu-item-1992\"><a href=\"\/categoria-producto\/griferias\/\" class=\"elementor-item\" tabindex=\"-1\">Faucets<\/a><\/li><li class=\"menu-item menu-item-type-custom menu-item-object-custom menu-item-1993\"><a href=\"\/categoria-producto\/platos-de-ducha\/\" class=\"elementor-item\" tabindex=\"-1\">Shower trays<\/a><\/li><li class=\"menu-item menu-item-type-custom menu-item-object-custom menu-item-1994\"><a href=\"\/categoria-producto\/sanitarios\/\" class=\"elementor-item\" tabindex=\"-1\">Sanitary ware<\/a><\/li><\/ul>\t\t\t<\/nav>\n\t\t\t\t\t\t<\/div>\n\t\t\t\t\t<\/div>\n\t\t\t\t<\/div>\n\t\t<div class=\"elementor-element elementor-element-932136d e-flex e-con-boxed sc_layouts_column_icons_position_left e-con e-parent\" data-id=\"932136d\" data-element_type=\"container\" data-e-type=\"container\">\n\t\t\t\t\t<div class=\"e-con-inner\">\n\t\t<div class=\"elementor-element elementor-element-41f5769 e-con-full e-flex sc_layouts_column_icons_position_left e-con e-child\" data-id=\"41f5769\" data-element_type=\"container\" data-e-type=\"container\">\n\t\t\t\t<div class=\"elementor-element elementor-element-f349d78 sc_fly_static elementor-widget elementor-widget-shortcode\" data-id=\"f349d78\" data-element_type=\"widget\" data-e-type=\"widget\" data-widget_type=\"shortcode.default\">\n\t\t\t\t\t\t\t<div class=\"elementor-shortcode\"><\/div>\n\t\t\t\t\t\t<\/div>\n\t\t\t\t<\/div>\n\t\t<div class=\"elementor-element elementor-element-cbd0329 e-con-full e-flex sc_layouts_column_icons_position_left e-con e-child\" data-id=\"cbd0329\" data-element_type=\"container\" data-e-type=\"container\">\n\t\t\t\t<div class=\"elementor-element elementor-element-4bb04e35 sc_fly_static elementor-widget elementor-widget-trx_sc_extended_products\" data-id=\"4bb04e35\" data-element_type=\"widget\" data-e-type=\"widget\" id=\"cardsProduct\" data-widget_type=\"trx_sc_extended_products.default\">\n\t\t\t\t<div class=\"elementor-widget-container\">\n\t\t\t\t\t<div  id=\"cardsProduct_sc\" \n\tclass=\"sc_extended_products sc_extended_products_default\" ><div class=\"sc_extended_products_content sc_item_content\" ><div class=\"woocommerce columns-3\"><\/div><\/div><\/div>\n\t\t\t\t<\/div>\n\t\t\t\t<\/div>\n\t\t\t\t<\/div>\n\t\t\t\t\t<\/div>\n\t\t\t\t<\/div>\n\t\t\t\t<\/div>","protected":false},"excerpt":{"rendered":"<p>Cer\u00e1micas Grifer\u00edas Platos de ducha Sanitarios Outlet Tenda outlet Secci\u00f3n Outlet de Segundo Rey SL ofrece cer\u00e1micas e materiais de ba\u00f1o de alta calidade con descontos irresistibles. Explora soluci\u00f3ns vers\u00e1tiles&hellip;<\/p>","protected":false},"author":1,"featured_media":0,"parent":0,"menu_order":0,"comment_status":"closed","ping_status":"closed","template":"","meta":{"footnotes":""},"class_list":["post-1634","page","type-page","status-publish","hentry"],"yoast_head":"<!-- This site is optimized with the Yoast SEO plugin v26.0 - https:\/\/yoast.com\/wordpress\/plugins\/seo\/ -->\n<title>Outlet - Segundo Rey - Cer\u00e1mica y materiales de ba\u00f1o<\/title>\n<meta name=\"robots\" content=\"index, follow, max-snippet:-1, max-image-preview:large, max-video-preview:-1\" \/>\n<link rel=\"canonical\" href=\"https:\/\/segundorey.com\/en\/outlet\/\" \/>\n<meta property=\"og:locale\" content=\"en_GB\" \/>\n<meta property=\"og:type\" content=\"article\" \/>\n<meta property=\"og:title\" content=\"Outlet - Segundo Rey - Cer\u00e1mica y materiales de ba\u00f1o\" \/>\n<meta property=\"og:description\" content=\"Cer\u00e1micas Grifer\u00edas Platos de ducha Sanitarios Outlet Tenda outlet Secci\u00f3n Outlet de Segundo Rey SL ofrece cer\u00e1micas e materiais de ba\u00f1o de alta calidade con descontos irresistibles. Explora soluci\u00f3ns vers\u00e1tiles&hellip;\" \/>\n<meta property=\"og:url\" content=\"https:\/\/segundorey.com\/en\/outlet\/\" \/>\n<meta property=\"og:site_name\" content=\"Segundo Rey - Cer\u00e1mica y materiales de ba\u00f1o\" \/>\n<meta property=\"article:publisher\" content=\"https:\/\/www.facebook.com\/segundoreysl\" \/>\n<meta property=\"article:modified_time\" content=\"2025-08-11T15:42:40+00:00\" \/>\n<meta property=\"og:image\" content=\"https:\/\/segundorey.com\/wp-content\/uploads\/2025\/07\/ceramicas.webp\" \/>\n<meta name=\"twitter:card\" content=\"summary_large_image\" \/>\n<meta name=\"twitter:site\" content=\"@segundoreysl\" \/>\n<meta name=\"twitter:label1\" content=\"Estimated reading time\" \/>\n\t<meta name=\"twitter:data1\" content=\"1 minute\" \/>\n<script type=\"application\/ld+json\" class=\"yoast-schema-graph\">{\"@context\":\"https:\/\/schema.org\",\"@graph\":[{\"@type\":\"WebPage\",\"@id\":\"https:\/\/segundorey.com\/outlet\/\",\"url\":\"https:\/\/segundorey.com\/outlet\/\",\"name\":\"Outlet - Segundo Rey - Cer\u00e1mica y materiales de ba\u00f1o\",\"isPartOf\":{\"@id\":\"https:\/\/segundorey.com\/#website\"},\"primaryImageOfPage\":{\"@id\":\"https:\/\/segundorey.com\/outlet\/#primaryimage\"},\"image\":{\"@id\":\"https:\/\/segundorey.com\/outlet\/#primaryimage\"},\"thumbnailUrl\":\"https:\/\/segundorey.com\/wp-content\/uploads\/2025\/07\/ceramicas.webp\",\"datePublished\":\"2025-07-28T07:00:15+00:00\",\"dateModified\":\"2025-08-11T15:42:40+00:00\",\"breadcrumb\":{\"@id\":\"https:\/\/segundorey.com\/outlet\/#breadcrumb\"},\"inLanguage\":\"en-GB\",\"potentialAction\":[{\"@type\":\"ReadAction\",\"target\":[\"https:\/\/segundorey.com\/outlet\/\"]}]},{\"@type\":\"ImageObject\",\"inLanguage\":\"en-GB\",\"@id\":\"https:\/\/segundorey.com\/outlet\/#primaryimage\",\"url\":\"https:\/\/segundorey.com\/wp-content\/uploads\/2025\/07\/ceramicas.webp\",\"contentUrl\":\"https:\/\/segundorey.com\/wp-content\/uploads\/2025\/07\/ceramicas.webp\"},{\"@type\":\"BreadcrumbList\",\"@id\":\"https:\/\/segundorey.com\/outlet\/#breadcrumb\",\"itemListElement\":[{\"@type\":\"ListItem\",\"position\":1,\"name\":\"Portada\",\"item\":\"https:\/\/segundorey.com\/\"},{\"@type\":\"ListItem\",\"position\":2,\"name\":\"Outlet\"}]},{\"@type\":\"WebSite\",\"@id\":\"https:\/\/segundorey.com\/#website\",\"url\":\"https:\/\/segundorey.com\/\",\"name\":\"Segundo Rey - Cer\u00e1mica y materiales de ba\u00f1o\",\"description\":\"Encuentra las \u00faltimas tendencias en cer\u00e1mica y soluciones innovadoras para ba\u00f1os en Segundo Rey. Especialistas en materiales de alta calidad para transformar tus espacios con estilo y funcionalidad.\",\"publisher\":{\"@id\":\"https:\/\/segundorey.com\/#organization\"},\"potentialAction\":[{\"@type\":\"SearchAction\",\"target\":{\"@type\":\"EntryPoint\",\"urlTemplate\":\"https:\/\/segundorey.com\/?s={search_term_string}\"},\"query-input\":{\"@type\":\"PropertyValueSpecification\",\"valueRequired\":true,\"valueName\":\"search_term_string\"}}],\"inLanguage\":\"en-GB\"},{\"@type\":\"Organization\",\"@id\":\"https:\/\/segundorey.com\/#organization\",\"name\":\"Segundo Rey - Cer\u00e1mica y materiales de ba\u00f1o\",\"url\":\"https:\/\/segundorey.com\/\",\"logo\":{\"@type\":\"ImageObject\",\"inLanguage\":\"en-GB\",\"@id\":\"https:\/\/segundorey.com\/#\/schema\/logo\/image\/\",\"url\":\"https:\/\/i0.wp.com\/segundorey.com\/wp-content\/uploads\/2025\/07\/cropped-logo_SR.webp?fit=144%2C70&ssl=1\",\"contentUrl\":\"https:\/\/i0.wp.com\/segundorey.com\/wp-content\/uploads\/2025\/07\/cropped-logo_SR.webp?fit=144%2C70&ssl=1\",\"width\":144,\"height\":70,\"caption\":\"Segundo Rey - Cer\u00e1mica y materiales de ba\u00f1o\"},\"image\":{\"@id\":\"https:\/\/segundorey.com\/#\/schema\/logo\/image\/\"},\"sameAs\":[\"https:\/\/www.facebook.com\/segundoreysl\",\"https:\/\/x.com\/segundoreysl\"]}]}<\/script>\n<!-- \/ Yoast SEO plugin. -->","yoast_head_json":{"title":"Outlet - Segundo Rey - Cer\u00e1mica y materiales de ba\u00f1o","robots":{"index":"index","follow":"follow","max-snippet":"max-snippet:-1","max-image-preview":"max-image-preview:large","max-video-preview":"max-video-preview:-1"},"canonical":"https:\/\/segundorey.com\/en\/outlet\/","og_locale":"en_GB","og_type":"article","og_title":"Outlet - Segundo Rey - Cer\u00e1mica y materiales de ba\u00f1o","og_description":"Cer\u00e1micas Grifer\u00edas Platos de ducha Sanitarios Outlet Tenda outlet Secci\u00f3n Outlet de Segundo Rey SL ofrece cer\u00e1micas e materiais de ba\u00f1o de alta calidade con descontos irresistibles. Explora soluci\u00f3ns vers\u00e1tiles&hellip;","og_url":"https:\/\/segundorey.com\/en\/outlet\/","og_site_name":"Segundo Rey - Cer\u00e1mica y materiales de ba\u00f1o","article_publisher":"https:\/\/www.facebook.com\/segundoreysl","article_modified_time":"2025-08-11T15:42:40+00:00","og_image":[{"url":"https:\/\/segundorey.com\/wp-content\/uploads\/2025\/07\/ceramicas.webp","type":"","width":"","height":""}],"twitter_card":"summary_large_image","twitter_site":"@segundoreysl","twitter_misc":{"Estimated reading time":"1 minute"},"schema":{"@context":"https:\/\/schema.org","@graph":[{"@type":"WebPage","@id":"https:\/\/segundorey.com\/outlet\/","url":"https:\/\/segundorey.com\/outlet\/","name":"Outlet - Segundo Rey - Cer\u00e1mica y materiales de ba\u00f1o","isPartOf":{"@id":"https:\/\/segundorey.com\/#website"},"primaryImageOfPage":{"@id":"https:\/\/segundorey.com\/outlet\/#primaryimage"},"image":{"@id":"https:\/\/segundorey.com\/outlet\/#primaryimage"},"thumbnailUrl":"https:\/\/segundorey.com\/wp-content\/uploads\/2025\/07\/ceramicas.webp","datePublished":"2025-07-28T07:00:15+00:00","dateModified":"2025-08-11T15:42:40+00:00","breadcrumb":{"@id":"https:\/\/segundorey.com\/outlet\/#breadcrumb"},"inLanguage":"en-GB","potentialAction":[{"@type":"ReadAction","target":["https:\/\/segundorey.com\/outlet\/"]}]},{"@type":"ImageObject","inLanguage":"en-GB","@id":"https:\/\/segundorey.com\/outlet\/#primaryimage","url":"https:\/\/segundorey.com\/wp-content\/uploads\/2025\/07\/ceramicas.webp","contentUrl":"https:\/\/segundorey.com\/wp-content\/uploads\/2025\/07\/ceramicas.webp"},{"@type":"BreadcrumbList","@id":"https:\/\/segundorey.com\/outlet\/#breadcrumb","itemListElement":[{"@type":"ListItem","position":1,"name":"Portada","item":"https:\/\/segundorey.com\/"},{"@type":"ListItem","position":2,"name":"Outlet"}]},{"@type":"WebSite","@id":"https:\/\/segundorey.com\/#website","url":"https:\/\/segundorey.com\/","name":"Segundo Rey - Cer\u00e1mica y materiales de ba\u00f1o","description":"Encuentra las \u00faltimas tendencias en cer\u00e1mica y soluciones innovadoras para ba\u00f1os en Segundo Rey. Especialistas en materiales de alta calidad para transformar tus espacios con estilo y funcionalidad.","publisher":{"@id":"https:\/\/segundorey.com\/#organization"},"potentialAction":[{"@type":"SearchAction","target":{"@type":"EntryPoint","urlTemplate":"https:\/\/segundorey.com\/?s={search_term_string}"},"query-input":{"@type":"PropertyValueSpecification","valueRequired":true,"valueName":"search_term_string"}}],"inLanguage":"en-GB"},{"@type":"Organization","@id":"https:\/\/segundorey.com\/#organization","name":"Segundo Rey - Cer\u00e1mica y materiales de ba\u00f1o","url":"https:\/\/segundorey.com\/","logo":{"@type":"ImageObject","inLanguage":"en-GB","@id":"https:\/\/segundorey.com\/#\/schema\/logo\/image\/","url":"https:\/\/i0.wp.com\/segundorey.com\/wp-content\/uploads\/2025\/07\/cropped-logo_SR.webp?fit=144%2C70&ssl=1","contentUrl":"https:\/\/i0.wp.com\/segundorey.com\/wp-content\/uploads\/2025\/07\/cropped-logo_SR.webp?fit=144%2C70&ssl=1","width":144,"height":70,"caption":"Segundo Rey - Cer\u00e1mica y materiales de ba\u00f1o"},"image":{"@id":"https:\/\/segundorey.com\/#\/schema\/logo\/image\/"},"sameAs":["https:\/\/www.facebook.com\/segundoreysl","https:\/\/x.com\/segundoreysl"]}]}},"jetpack_sharing_enabled":true,"_links":{"self":[{"href":"https:\/\/segundorey.com\/en\/wp-json\/wp\/v2\/pages\/1634","targetHints":{"allow":["GET"]}}],"collection":[{"href":"https:\/\/segundorey.com\/en\/wp-json\/wp\/v2\/pages"}],"about":[{"href":"https:\/\/segundorey.com\/en\/wp-json\/wp\/v2\/types\/page"}],"author":[{"embeddable":true,"href":"https:\/\/segundorey.com\/en\/wp-json\/wp\/v2\/users\/1"}],"replies":[{"embeddable":true,"href":"https:\/\/segundorey.com\/en\/wp-json\/wp\/v2\/comments?post=1634"}],"version-history":[{"count":235,"href":"https:\/\/segundorey.com\/en\/wp-json\/wp\/v2\/pages\/1634\/revisions"}],"predecessor-version":[{"id":2293,"href":"https:\/\/segundorey.com\/en\/wp-json\/wp\/v2\/pages\/1634\/revisions\/2293"}],"wp:attachment":[{"href":"https:\/\/segundorey.com\/en\/wp-json\/wp\/v2\/media?parent=1634"}],"curies":[{"name":"wp","href":"https:\/\/api.w.org\/{rel}","templated":true}]}}