{"id":1260,"date":"2025-07-21T09:06:17","date_gmt":"2025-07-21T07:06:17","guid":{"rendered":"https:\/\/segundorey.com\/?page_id=1260"},"modified":"2025-08-11T09:23:09","modified_gmt":"2025-08-11T07:23:09","slug":"traballa-connosco","status":"publish","type":"page","link":"https:\/\/segundorey.com\/en\/traballa-connosco\/","title":{"rendered":"Traballa connosco"},"content":{"rendered":"<div data-elementor-type=\"wp-page\" data-elementor-id=\"1260\" class=\"elementor elementor-1260\" data-elementor-post-type=\"page\">\n\t\t\t\t\t\t<section class=\"elementor-section elementor-top-section elementor-element elementor-element-ab41188 elementor-section-stretched elementor-section-boxed elementor-section-height-default elementor-section-height-default sc_fly_static\" data-id=\"ab41188\" data-element_type=\"section\" data-e-type=\"section\" data-settings=\"{&quot;background_background&quot;:&quot;classic&quot;,&quot;stretch_section&quot;:&quot;section-stretched&quot;}\">\n\t\t\t\t\t\t<div class=\"elementor-container elementor-column-gap-no\">\n\t\t\t\t\t<div class=\"elementor-column elementor-col-50 elementor-top-column elementor-element elementor-element-9eacc38 sc_content_align_inherit sc_layouts_column_icons_position_left sc_fly_static\" data-id=\"9eacc38\" data-element_type=\"column\" data-e-type=\"column\" data-settings=\"{&quot;background_background&quot;:&quot;classic&quot;}\">\n\t\t\t<div class=\"elementor-widget-wrap elementor-element-populated\">\n\t\t\t\t\t\t<div data-animation-type=\"block\" class=\"elementor-element elementor-element-faf2e35 elementor-position-inline-end elementor-widget__width-auto elementor-mobile-position-inline-end elementor-view-default animation_type_block sc_fly_static elementor-invisible elementor-widget elementor-widget-icon-box\" data-id=\"faf2e35\" data-element_type=\"widget\" data-e-type=\"widget\" data-settings=\"{&quot;_animation&quot;:&quot;slideInUp&quot;,&quot;_animation_tablet&quot;:&quot;none&quot;}\" data-widget_type=\"icon-box.default\">\n\t\t\t\t\t\t\t<div class=\"elementor-icon-box-wrapper\">\n\n\t\t\t\t\t\t<div class=\"elementor-icon-box-icon\">\n\t\t\t\t<span  class=\"elementor-icon\">\n\t\t\t\t<svg xmlns=\"http:\/\/www.w3.org\/2000\/svg\" xmlns:xlink=\"http:\/\/www.w3.org\/1999\/xlink\" width=\"61\" height=\"30\"><path fill=\"#FA6400\" transform=\"matrix(1 0 0 -1 1.25977 16.2598)\" d=\"M57.011719 1.2597656C57.148438 1.2597656 57.260742 1.2011719 57.348633 1.0839844C57.436523 0.96679688 57.480469 0.8203125 57.480469 0.64453125C57.480469 0.48828125 57.446289 0.3515625 57.37793 0.234375C57.30957 0.1171875 57.216797 0.048828125 57.099609 0.029296875L57.011719 0L0.46875 0C0.33203125 0 0.21972656 0.063476555 0.13183594 0.19042969C0.043945312 0.31738281 0 0.46875 0 0.64453125C0 0.80078125 0.034179691 0.93261719 0.10253906 1.0400391C0.17089844 1.1474609 0.26367188 1.2207031 0.38085938 1.2597656L0.46875 1.2597656L57.011719 1.2597656Z\"><\/path><\/svg>\t\t\t\t<\/span>\n\t\t\t<\/div>\n\t\t\t\n\t\t\t\t\t\t<div class=\"elementor-icon-box-content\">\n\n\t\t\t\t\t\t\t\t\t<span class=\"elementor-icon-box-title\">\n\t\t\t\t\t\t<span  >\n\t\t\t\t\t\t\tWORK WITH US\t\t\t\t\t\t<\/span>\n\t\t\t\t\t<\/span>\n\t\t\t\t\n\t\t\t\t\n\t\t\t<\/div>\n\t\t\t\n\t\t<\/div>\n\t\t\t\t\t\t<\/div>\n\t\t\t\t<div data-animation-type=\"block\" class=\"elementor-element elementor-element-4b1aa2d animation_type_block sc_fly_static elementor-invisible elementor-widget elementor-widget-heading\" data-id=\"4b1aa2d\" data-element_type=\"widget\" data-e-type=\"widget\" data-settings=\"{&quot;_animation&quot;:&quot;fadeIn&quot;,&quot;_animation_tablet&quot;:&quot;none&quot;,&quot;_animation_delay&quot;:0}\" data-widget_type=\"heading.default\">\n\t\t\t\t\t<h2 class=\"elementor-heading-title elementor-size-default\">Join our team! <\/h2>\t\t\t\t<\/div>\n\t\t\t\t<div class=\"elementor-element elementor-element-f926b93 sc_fly_static elementor-widget elementor-widget-text-editor\" data-id=\"f926b93\" data-element_type=\"widget\" data-e-type=\"widget\" data-widget_type=\"text-editor.default\">\n\t\t\t\t\t\t\t\t\t<p>Send your resume and discover new career opportunities with us.<\/p><p>We are a company committed to talent development and professional growth. Don't miss the opportunity to be part of a network that values your potential and trusts in your capabilities.<\/p>\t\t\t\t\t\t\t\t<\/div>\n\t\t\t\t\t<\/div>\n\t\t<\/div>\n\t\t\t\t<div class=\"elementor-column elementor-col-50 elementor-top-column elementor-element elementor-element-18e8fff sc_content_align_inherit sc_layouts_column_icons_position_left sc_fly_static\" data-id=\"18e8fff\" data-element_type=\"column\" data-e-type=\"column\">\n\t\t\t<div class=\"elementor-widget-wrap elementor-element-populated\">\n\t\t\t\t\t\t<section class=\"elementor-section elementor-inner-section elementor-element elementor-element-7c3fcf6 elementor-section-full_width elementor-section-height-default elementor-section-height-default sc_fly_static\" data-id=\"7c3fcf6\" data-element_type=\"section\" data-e-type=\"section\" data-settings=\"{&quot;background_background&quot;:&quot;classic&quot;}\">\n\t\t\t\t\t\t<div class=\"elementor-container elementor-column-gap-no\">\n\t\t\t\t\t<div class=\"elementor-column elementor-col-100 elementor-inner-column elementor-element elementor-element-f9a1b08 sc_content_align_inherit sc_layouts_column_icons_position_left sc_fly_static\" data-id=\"f9a1b08\" data-element_type=\"column\" data-e-type=\"column\">\n\t\t\t<div class=\"elementor-widget-wrap elementor-element-populated\">\n\t\t\t\t\t\t<div class=\"elementor-element elementor-element-b18c1ff sc_fly_static elementor-widget elementor-widget-heading\" data-id=\"b18c1ff\" data-element_type=\"widget\" data-e-type=\"widget\" data-widget_type=\"heading.default\">\n\t\t\t\t\t<h3 class=\"elementor-heading-title elementor-size-default\">SEND YOUR CURRICULUM VITAE<\/h3>\t\t\t\t<\/div>\n\t\t\t\t<div class=\"elementor-element elementor-element-9457e24 elementor-button-align-stretch sc_fly_static elementor-widget elementor-widget-form\" data-id=\"9457e24\" data-element_type=\"widget\" data-e-type=\"widget\" data-settings=\"{&quot;step_next_label&quot;:&quot;Siguiente&quot;,&quot;step_previous_label&quot;:&quot;Anterior&quot;,&quot;button_width&quot;:&quot;100&quot;,&quot;step_type&quot;:&quot;number_text&quot;,&quot;step_icon_shape&quot;:&quot;circle&quot;}\" data-widget_type=\"form.default\">\n\t\t\t\t\t\t\t<form class=\"elementor-form\" method=\"post\" name=\"Nuevo formulario\" aria-label=\"Nuevo formulario\" action=\"\">\n\t\t\t<input type=\"hidden\" name=\"post_id\" value=\"1260\"\/>\n\t\t\t<input type=\"hidden\" name=\"form_id\" value=\"9457e24\"\/>\n\t\t\t<input type=\"hidden\" name=\"referer_title\" value=\"Segundo Rey &#8211; Cer\u00e1mica y materiales de ba\u00f1o\" \/>\n\n\t\t\t\n\t\t\t<div class=\"elementor-form-fields-wrapper elementor-labels-above\">\n\t\t\t\t\t\t\t\t<div class=\"elementor-field-type-text elementor-field-group elementor-column elementor-field-group-name elementor-col-100 elementor-field-required elementor-mark-required\">\n\t\t\t\t\t\t\t\t\t\t\t\t<label for=\"form-field-name\" class=\"elementor-field-label\">\n\t\t\t\t\t\t\t\tName\t\t\t\t\t\t\t<\/label>\n\t\t\t\t\t\t\t\t\t\t\t\t\t\t<input size=\"1\" type=\"text\" name=\"form_fields[name]\" id=\"form-field-name\" class=\"elementor-field elementor-size-sm  elementor-field-textual\" placeholder=\"Name\" required=\"required\">\n\t\t\t\t\t\t\t\t\t\t\t<\/div>\n\t\t\t\t\t\t\t\t<div class=\"elementor-field-type-email elementor-field-group elementor-column elementor-field-group-email elementor-col-100 elementor-field-required elementor-mark-required\">\n\t\t\t\t\t\t\t\t\t\t\t\t<label for=\"form-field-email\" class=\"elementor-field-label\">\n\t\t\t\t\t\t\t\tEmail\t\t\t\t\t\t\t<\/label>\n\t\t\t\t\t\t\t\t\t\t\t\t\t\t<input size=\"1\" type=\"email\" name=\"form_fields[email]\" id=\"form-field-email\" class=\"elementor-field elementor-size-sm  elementor-field-textual\" placeholder=\"Email\" required=\"required\">\n\t\t\t\t\t\t\t\t\t\t\t<\/div>\n\t\t\t\t\t\t\t\t<div class=\"elementor-field-type-upload elementor-field-group elementor-column elementor-field-group-message elementor-col-100 elementor-field-required elementor-mark-required\">\n\t\t\t\t\t\t\t\t\t\t\t\t<label for=\"form-field-message\" class=\"elementor-field-label\">\n\t\t\t\t\t\t\t\tAdd your resume (Max. size) 10MB. Supported formats: pdf, doc)\t\t\t\t\t\t\t<\/label>\n\t\t\t\t\t\t\t\t<input type=\"file\" name=\"form_fields[message]\" id=\"form-field-message\" class=\"elementor-field elementor-size-sm  elementor-upload-field\" required=\"required\" data-maxsize=\"10\" data-maxsize-message=\"This file exceeds the maximum allowed size.\">\n\n\t\t\t\t\t\t<\/div>\n\t\t\t\t\t\t\t\t<div class=\"elementor-field-type-acceptance elementor-field-group elementor-column elementor-field-group-field_421764b elementor-col-100 elementor-field-required elementor-mark-required\">\n\t\t\t\t\t\t\t<div class=\"elementor-field-subgroup\">\n\t\t\t<span class=\"elementor-field-option\">\n\t\t\t\t<input type=\"checkbox\" name=\"form_fields[field_421764b]\" id=\"form-field-field_421764b\" class=\"elementor-field elementor-size-sm  elementor-acceptance-field\" required=\"required\">\n\t\t\t\t<label for=\"form-field-field_421764b\">By checking this box, you acknowledge that you have read and accept the conditions of use and the personal data protection policy of Segundo Rey SL.<\/label>\t\t\t<\/span>\n\t\t<\/div>\n\t\t\t\t\t\t<\/div>\n\t\t\t\t\t\t\t\t<div class=\"elementor-field-group elementor-column elementor-field-type-submit elementor-col-100 e-form__buttons\">\n\t\t\t\t\t<button class=\"elementor-button elementor-size-sm\" type=\"submit\" id=\"btn-subscribirse\">\n\t\t\t\t\t\t<span class=\"elementor-button-content-wrapper\">\n\t\t\t\t\t\t\t\t\t\t\t\t\t\t\t\t\t\t\t\t\t\t<span class=\"elementor-button-text\">Submit<\/span>\n\t\t\t\t\t\t\t\t\t\t\t\t\t<\/span>\n\t\t\t\t\t<\/button>\n\t\t\t\t<\/div>\n\t\t\t<\/div>\n\t\t<input type=\"hidden\" name=\"trp-form-language\" value=\"en\"\/><\/form>\n\t\t\t\t\t\t<\/div>\n\t\t\t\t<div class=\"elementor-element elementor-element-347702c sc_fly_static elementor-widget elementor-widget-text-editor\" data-id=\"347702c\" data-element_type=\"widget\" data-e-type=\"widget\" data-widget_type=\"text-editor.default\">\n\t\t\t\t\t\t\t\t\t<div><p class=\"Default\">By submitting this form we acknowledge receipt of your Curriculum Vitae or job application.<\/p><p class=\"Default\">The personal data contained in your Curriculum Vitae will be used to include you in different selection processes that fit your profile or that may be of interest to you, not treating them for any other purpose without having obtained your prior consent.<\/p><p class=\"Default\">Only duly authorised personnel may process the information that appears in their Curriculum Vitae.<\/p><p class=\"Default\">Likewise, you agree to inform us of any changes that occur with respect to the existing information in the Curriculum Vitae, so that we can comply with the purpose described above.<\/p><p class=\"Default\">Your personal data will be kept for a period of one year from the submission of the application for employment or candidacy for the personnel selection process. Once this period has ended, we will proceed to eliminate them safely.<\/p><p class=\"Default\">At any time you can contact us to know what information we have about you, rectify it if it is incorrect and delete it once our relationship is over, in case that is legally possible. You also have the right to request the transfer of your information to another entity (portability). To apply for any of these rights, you must make a written request to our address: SEGUNDO REY SL, with address in HEDRAS, N\u00ba 25, 15895 \u2013 AMES (A Coru\u00f1a).<\/p><\/div>\t\t\t\t\t\t\t\t<\/div>\n\t\t\t\t\t<\/div>\n\t\t<\/div>\n\t\t\t\t\t<\/div>\n\t\t<\/section>\n\t\t\t\t\t<\/div>\n\t\t<\/div>\n\t\t\t\t\t<\/div>\n\t\t<\/section>\n\t\t\t\t<\/div>","protected":false},"excerpt":{"rendered":"<p>Trabaja con nosotros \u00a1\u00danete a nuestro equipo! Env\u00eda tu curr\u00edculum y descubre nuevas oportunidades profesionales con nosotros. Somos una empresa comprometida con el desarrollo del talento y el crecimiento profesional.&hellip;<\/p>","protected":false},"author":1,"featured_media":0,"parent":0,"menu_order":0,"comment_status":"closed","ping_status":"closed","template":"","meta":{"footnotes":""},"class_list":["post-1260","page","type-page","status-publish","hentry"],"yoast_head":"<!-- This site is optimized with the Yoast SEO plugin v26.0 - https:\/\/yoast.com\/wordpress\/plugins\/seo\/ -->\n<title>Traballa connosco - Segundo Rey - Cer\u00e1mica y materiales de ba\u00f1o<\/title>\n<meta name=\"robots\" content=\"index, follow, max-snippet:-1, max-image-preview:large, max-video-preview:-1\" \/>\n<link rel=\"canonical\" href=\"https:\/\/segundorey.com\/en\/traballa-connosco\/\" \/>\n<meta property=\"og:locale\" content=\"en_GB\" \/>\n<meta property=\"og:type\" content=\"article\" \/>\n<meta property=\"og:title\" content=\"Traballa connosco - Segundo Rey - Cer\u00e1mica y materiales de ba\u00f1o\" \/>\n<meta property=\"og:description\" content=\"Trabaja con nosotros \u00a1\u00danete a nuestro equipo! Env\u00eda tu curr\u00edculum y descubre nuevas oportunidades profesionales con nosotros. Somos una empresa comprometida con el desarrollo del talento y el crecimiento profesional.&hellip;\" \/>\n<meta property=\"og:url\" content=\"https:\/\/segundorey.com\/en\/traballa-connosco\/\" \/>\n<meta property=\"og:site_name\" content=\"Segundo Rey - Cer\u00e1mica y materiales de ba\u00f1o\" \/>\n<meta property=\"article:publisher\" content=\"https:\/\/www.facebook.com\/segundoreysl\" \/>\n<meta property=\"article:modified_time\" content=\"2025-08-11T07:23:09+00:00\" \/>\n<meta name=\"twitter:card\" content=\"summary_large_image\" \/>\n<meta name=\"twitter:site\" content=\"@segundoreysl\" \/>\n<meta name=\"twitter:label1\" content=\"Estimated reading time\" \/>\n\t<meta name=\"twitter:data1\" content=\"1 minute\" \/>\n<script type=\"application\/ld+json\" class=\"yoast-schema-graph\">{\"@context\":\"https:\/\/schema.org\",\"@graph\":[{\"@type\":\"WebPage\",\"@id\":\"https:\/\/segundorey.com\/traballa-connosco\/\",\"url\":\"https:\/\/segundorey.com\/traballa-connosco\/\",\"name\":\"Traballa connosco - Segundo Rey - Cer\u00e1mica y materiales de ba\u00f1o\",\"isPartOf\":{\"@id\":\"https:\/\/segundorey.com\/#website\"},\"datePublished\":\"2025-07-21T07:06:17+00:00\",\"dateModified\":\"2025-08-11T07:23:09+00:00\",\"breadcrumb\":{\"@id\":\"https:\/\/segundorey.com\/traballa-connosco\/#breadcrumb\"},\"inLanguage\":\"en-GB\",\"potentialAction\":[{\"@type\":\"ReadAction\",\"target\":[\"https:\/\/segundorey.com\/traballa-connosco\/\"]}]},{\"@type\":\"BreadcrumbList\",\"@id\":\"https:\/\/segundorey.com\/traballa-connosco\/#breadcrumb\",\"itemListElement\":[{\"@type\":\"ListItem\",\"position\":1,\"name\":\"Portada\",\"item\":\"https:\/\/segundorey.com\/\"},{\"@type\":\"ListItem\",\"position\":2,\"name\":\"Traballa connosco\"}]},{\"@type\":\"WebSite\",\"@id\":\"https:\/\/segundorey.com\/#website\",\"url\":\"https:\/\/segundorey.com\/\",\"name\":\"Segundo Rey - Cer\u00e1mica y materiales de ba\u00f1o\",\"description\":\"Encuentra las \u00faltimas tendencias en cer\u00e1mica y soluciones innovadoras para ba\u00f1os en Segundo Rey. Especialistas en materiales de alta calidad para transformar tus espacios con estilo y funcionalidad.\",\"publisher\":{\"@id\":\"https:\/\/segundorey.com\/#organization\"},\"potentialAction\":[{\"@type\":\"SearchAction\",\"target\":{\"@type\":\"EntryPoint\",\"urlTemplate\":\"https:\/\/segundorey.com\/?s={search_term_string}\"},\"query-input\":{\"@type\":\"PropertyValueSpecification\",\"valueRequired\":true,\"valueName\":\"search_term_string\"}}],\"inLanguage\":\"en-GB\"},{\"@type\":\"Organization\",\"@id\":\"https:\/\/segundorey.com\/#organization\",\"name\":\"Segundo Rey - Cer\u00e1mica y materiales de ba\u00f1o\",\"url\":\"https:\/\/segundorey.com\/\",\"logo\":{\"@type\":\"ImageObject\",\"inLanguage\":\"en-GB\",\"@id\":\"https:\/\/segundorey.com\/#\/schema\/logo\/image\/\",\"url\":\"https:\/\/i0.wp.com\/segundorey.com\/wp-content\/uploads\/2025\/07\/cropped-logo_SR.webp?fit=144%2C70&ssl=1\",\"contentUrl\":\"https:\/\/i0.wp.com\/segundorey.com\/wp-content\/uploads\/2025\/07\/cropped-logo_SR.webp?fit=144%2C70&ssl=1\",\"width\":144,\"height\":70,\"caption\":\"Segundo Rey - Cer\u00e1mica y materiales de ba\u00f1o\"},\"image\":{\"@id\":\"https:\/\/segundorey.com\/#\/schema\/logo\/image\/\"},\"sameAs\":[\"https:\/\/www.facebook.com\/segundoreysl\",\"https:\/\/x.com\/segundoreysl\"]}]}<\/script>\n<!-- \/ Yoast SEO plugin. -->","yoast_head_json":{"title":"Traballa connosco - Segundo Rey - Cer\u00e1mica y materiales de ba\u00f1o","robots":{"index":"index","follow":"follow","max-snippet":"max-snippet:-1","max-image-preview":"max-image-preview:large","max-video-preview":"max-video-preview:-1"},"canonical":"https:\/\/segundorey.com\/en\/traballa-connosco\/","og_locale":"en_GB","og_type":"article","og_title":"Traballa connosco - Segundo Rey - Cer\u00e1mica y materiales de ba\u00f1o","og_description":"Trabaja con nosotros \u00a1\u00danete a nuestro equipo! Env\u00eda tu curr\u00edculum y descubre nuevas oportunidades profesionales con nosotros. Somos una empresa comprometida con el desarrollo del talento y el crecimiento profesional.&hellip;","og_url":"https:\/\/segundorey.com\/en\/traballa-connosco\/","og_site_name":"Segundo Rey - Cer\u00e1mica y materiales de ba\u00f1o","article_publisher":"https:\/\/www.facebook.com\/segundoreysl","article_modified_time":"2025-08-11T07:23:09+00:00","twitter_card":"summary_large_image","twitter_site":"@segundoreysl","twitter_misc":{"Estimated reading time":"1 minute"},"schema":{"@context":"https:\/\/schema.org","@graph":[{"@type":"WebPage","@id":"https:\/\/segundorey.com\/traballa-connosco\/","url":"https:\/\/segundorey.com\/traballa-connosco\/","name":"Traballa connosco - Segundo Rey - Cer\u00e1mica y materiales de ba\u00f1o","isPartOf":{"@id":"https:\/\/segundorey.com\/#website"},"datePublished":"2025-07-21T07:06:17+00:00","dateModified":"2025-08-11T07:23:09+00:00","breadcrumb":{"@id":"https:\/\/segundorey.com\/traballa-connosco\/#breadcrumb"},"inLanguage":"en-GB","potentialAction":[{"@type":"ReadAction","target":["https:\/\/segundorey.com\/traballa-connosco\/"]}]},{"@type":"BreadcrumbList","@id":"https:\/\/segundorey.com\/traballa-connosco\/#breadcrumb","itemListElement":[{"@type":"ListItem","position":1,"name":"Portada","item":"https:\/\/segundorey.com\/"},{"@type":"ListItem","position":2,"name":"Traballa connosco"}]},{"@type":"WebSite","@id":"https:\/\/segundorey.com\/#website","url":"https:\/\/segundorey.com\/","name":"Segundo Rey - Cer\u00e1mica y materiales de ba\u00f1o","description":"Encuentra las \u00faltimas tendencias en cer\u00e1mica y soluciones innovadoras para ba\u00f1os en Segundo Rey. Especialistas en materiales de alta calidad para transformar tus espacios con estilo y funcionalidad.","publisher":{"@id":"https:\/\/segundorey.com\/#organization"},"potentialAction":[{"@type":"SearchAction","target":{"@type":"EntryPoint","urlTemplate":"https:\/\/segundorey.com\/?s={search_term_string}"},"query-input":{"@type":"PropertyValueSpecification","valueRequired":true,"valueName":"search_term_string"}}],"inLanguage":"en-GB"},{"@type":"Organization","@id":"https:\/\/segundorey.com\/#organization","name":"Segundo Rey - Cer\u00e1mica y materiales de ba\u00f1o","url":"https:\/\/segundorey.com\/","logo":{"@type":"ImageObject","inLanguage":"en-GB","@id":"https:\/\/segundorey.com\/#\/schema\/logo\/image\/","url":"https:\/\/i0.wp.com\/segundorey.com\/wp-content\/uploads\/2025\/07\/cropped-logo_SR.webp?fit=144%2C70&ssl=1","contentUrl":"https:\/\/i0.wp.com\/segundorey.com\/wp-content\/uploads\/2025\/07\/cropped-logo_SR.webp?fit=144%2C70&ssl=1","width":144,"height":70,"caption":"Segundo Rey - Cer\u00e1mica y materiales de ba\u00f1o"},"image":{"@id":"https:\/\/segundorey.com\/#\/schema\/logo\/image\/"},"sameAs":["https:\/\/www.facebook.com\/segundoreysl","https:\/\/x.com\/segundoreysl"]}]}},"jetpack_sharing_enabled":true,"_links":{"self":[{"href":"https:\/\/segundorey.com\/en\/wp-json\/wp\/v2\/pages\/1260","targetHints":{"allow":["GET"]}}],"collection":[{"href":"https:\/\/segundorey.com\/en\/wp-json\/wp\/v2\/pages"}],"about":[{"href":"https:\/\/segundorey.com\/en\/wp-json\/wp\/v2\/types\/page"}],"author":[{"embeddable":true,"href":"https:\/\/segundorey.com\/en\/wp-json\/wp\/v2\/users\/1"}],"replies":[{"embeddable":true,"href":"https:\/\/segundorey.com\/en\/wp-json\/wp\/v2\/comments?post=1260"}],"version-history":[{"count":64,"href":"https:\/\/segundorey.com\/en\/wp-json\/wp\/v2\/pages\/1260\/revisions"}],"predecessor-version":[{"id":2182,"href":"https:\/\/segundorey.com\/en\/wp-json\/wp\/v2\/pages\/1260\/revisions\/2182"}],"wp:attachment":[{"href":"https:\/\/segundorey.com\/en\/wp-json\/wp\/v2\/media?parent=1260"}],"curies":[{"name":"wp","href":"https:\/\/api.w.org\/{rel}","templated":true}]}}